{"id":7085,"date":"2023-02-06T15:43:03","date_gmt":"2023-02-06T14:43:03","guid":{"rendered":"https:\/\/haus-montana.ch\/?page_id=7085"},"modified":"2025-04-25T15:13:07","modified_gmt":"2025-04-25T13:13:07","slug":"geschichte","status":"publish","type":"page","link":"https:\/\/haus-montana.ch\/de\/geschichte\/","title":{"rendered":"Geschichte"},"content":{"rendered":"<div id=\"cs-content\" class=\"cs-content\"><\/div>\n","protected":false},"excerpt":{"rendered":"<p>&nbsp; 0Auf dem Foto ist das \u201ekleine\u201c Montana\u201c abgebildet. Vor dem alten Schuhladen steht links eine englische Touristenfamilie, rechts Mutter Anna von Allmen-Gertsch und ihr \u00e4ltester Sohn Fritz (Aufnahme um 1920). Anfang des 20. Jahrhundert stand am Rauft das Schuhmacher-H\u00e4uschen des Friederich von Allmen, einem zugewanderten Wengener und seiner einheimischen Ehefrau Anna (geb. Gertsch, von der Nidrimatten). Dieses \u201ekleine Montana\u201c &#8230; <a href=\"https:\/\/haus-montana.ch\/de\/geschichte\/\" class=\"more-link\">Read More<\/a><\/p>\n","protected":false},"author":17,"featured_media":7005,"parent":0,"menu_order":0,"comment_status":"closed","ping_status":"closed","template":"template-blank-4.php","meta":{"inline_featured_image":false,"iawp_total_views":324,"footnotes":""},"class_list":["post-7085","page","type-page","status-publish","has-post-thumbnail","hentry"],"yoast_head":"<!-- This site is optimized with the Yoast SEO plugin v27.2 - https:\/\/yoast.com\/product\/yoast-seo-wordpress\/ -->\n<title>Haus Montana M\u00fcrren<\/title>\n<meta name=\"description\" content=\"Haus Montana M\u00fcrren | Das Haus Montana besteht aus den Geb\u00e4uden \u00abMontana\u00bb und \u00abMurmeli\u00bb, welche an der Dorfstrasse direkt nebeneinanderstehen.\" \/>\n<meta name=\"robots\" content=\"index, follow, max-snippet:-1, max-image-preview:large, max-video-preview:-1\" \/>\n<link rel=\"canonical\" href=\"https:\/\/haus-montana.ch\/de\/geschichte\/\" \/>\n<meta property=\"og:locale\" content=\"de_DE\" \/>\n<meta property=\"og:type\" content=\"article\" \/>\n<meta property=\"og:title\" content=\"Haus Montana M\u00fcrren\" \/>\n<meta property=\"og:description\" content=\"Haus Montana M\u00fcrren | Das Haus Montana besteht aus den Geb\u00e4uden \u00abMontana\u00bb und \u00abMurmeli\u00bb, welche an der Dorfstrasse direkt nebeneinanderstehen.\" \/>\n<meta property=\"og:url\" content=\"https:\/\/haus-montana.ch\/de\/geschichte\/\" \/>\n<meta property=\"og:site_name\" content=\"Haus Montana\" \/>\n<meta property=\"article:publisher\" content=\"https:\/\/www.facebook.com\/gabrieldesign.swiss\" \/>\n<meta property=\"article:modified_time\" content=\"2025-04-25T13:13:07+00:00\" \/>\n<meta property=\"og:image\" content=\"https:\/\/haus-montana.ch\/wp-content\/uploads\/haus-montana-muerren-haus-montana-web-029.jpg\" \/>\n\t<meta property=\"og:image:width\" content=\"2000\" \/>\n\t<meta property=\"og:image:height\" content=\"1333\" \/>\n\t<meta property=\"og:image:type\" content=\"image\/jpeg\" \/>\n<meta name=\"twitter:card\" content=\"summary_large_image\" \/>\n<meta name=\"twitter:site\" content=\"@GDswiss\" \/>\n<meta name=\"twitter:label1\" content=\"Gesch\u00e4tzte Lesezeit\" \/>\n\t<meta name=\"twitter:data1\" content=\"2\u00a0Minuten\" \/>\n<script type=\"application\/ld+json\" class=\"yoast-schema-graph\">{\"@context\":\"https:\/\/schema.org\",\"@graph\":[{\"@type\":\"WebPage\",\"@id\":\"https:\/\/haus-montana.ch\/de\/geschichte\/\",\"url\":\"https:\/\/haus-montana.ch\/de\/geschichte\/\",\"name\":\"Haus Montana M\u00fcrren\",\"isPartOf\":{\"@id\":\"https:\/\/haus-montana.ch\/de\/#website\"},\"primaryImageOfPage\":{\"@id\":\"https:\/\/haus-montana.ch\/de\/geschichte\/#primaryimage\"},\"image\":{\"@id\":\"https:\/\/haus-montana.ch\/de\/geschichte\/#primaryimage\"},\"thumbnailUrl\":\"https:\/\/haus-montana.ch\/wp-content\/uploads\/haus-montana-muerren-haus-montana-web-029.jpg\",\"datePublished\":\"2023-02-06T14:43:03+00:00\",\"dateModified\":\"2025-04-25T13:13:07+00:00\",\"description\":\"Haus Montana M\u00fcrren | Das Haus Montana besteht aus den Geb\u00e4uden \u00abMontana\u00bb und \u00abMurmeli\u00bb, welche an der Dorfstrasse direkt nebeneinanderstehen.\",\"breadcrumb\":{\"@id\":\"https:\/\/haus-montana.ch\/de\/geschichte\/#breadcrumb\"},\"inLanguage\":\"de\",\"potentialAction\":[{\"@type\":\"ReadAction\",\"target\":[\"https:\/\/haus-montana.ch\/de\/geschichte\/\"]}]},{\"@type\":\"ImageObject\",\"inLanguage\":\"de\",\"@id\":\"https:\/\/haus-montana.ch\/de\/geschichte\/#primaryimage\",\"url\":\"https:\/\/haus-montana.ch\/wp-content\/uploads\/haus-montana-muerren-haus-montana-web-029.jpg\",\"contentUrl\":\"https:\/\/haus-montana.ch\/wp-content\/uploads\/haus-montana-muerren-haus-montana-web-029.jpg\",\"width\":2000,\"height\":1333,\"caption\":\"Haus Montana M\u00fcrren\"},{\"@type\":\"BreadcrumbList\",\"@id\":\"https:\/\/haus-montana.ch\/de\/geschichte\/#breadcrumb\",\"itemListElement\":[{\"@type\":\"ListItem\",\"position\":1,\"name\":\"Home\",\"item\":\"https:\/\/haus-montana.ch\/de\/\"},{\"@type\":\"ListItem\",\"position\":2,\"name\":\"Geschichte\"}]},{\"@type\":\"WebSite\",\"@id\":\"https:\/\/haus-montana.ch\/de\/#website\",\"url\":\"https:\/\/haus-montana.ch\/de\/\",\"name\":\"GABRIEL DESIGN GmbH\",\"description\":\"\",\"publisher\":{\"@id\":\"https:\/\/haus-montana.ch\/de\/#organization\"},\"potentialAction\":[{\"@type\":\"SearchAction\",\"target\":{\"@type\":\"EntryPoint\",\"urlTemplate\":\"https:\/\/haus-montana.ch\/de\/?s={search_term_string}\"},\"query-input\":{\"@type\":\"PropertyValueSpecification\",\"valueRequired\":true,\"valueName\":\"search_term_string\"}}],\"inLanguage\":\"de\"},{\"@type\":\"Organization\",\"@id\":\"https:\/\/haus-montana.ch\/de\/#organization\",\"name\":\"GABRIEL DESIGN GmbH\",\"url\":\"https:\/\/haus-montana.ch\/de\/\",\"logo\":{\"@type\":\"ImageObject\",\"inLanguage\":\"de\",\"@id\":\"https:\/\/haus-montana.ch\/de\/#\/schema\/logo\/image\/\",\"url\":\"https:\/\/haus-montana.ch\/wp-content\/uploads\/2017\/10\/gabriel-design-facebook-icon.png\",\"contentUrl\":\"https:\/\/haus-montana.ch\/wp-content\/uploads\/2017\/10\/gabriel-design-facebook-icon.png\",\"width\":3232,\"height\":3233,\"caption\":\"GABRIEL DESIGN GmbH\"},\"image\":{\"@id\":\"https:\/\/haus-montana.ch\/de\/#\/schema\/logo\/image\/\"},\"sameAs\":[\"https:\/\/www.facebook.com\/gabrieldesign.swiss\",\"https:\/\/x.com\/GDswiss\",\"https:\/\/www.instagram.com\/gabrieldesign.swiss\/\",\"https:\/\/www.linkedin.com\/company\/gabrieldesign\/\"]}]}<\/script>\n<!-- \/ Yoast SEO plugin. -->","yoast_head_json":{"title":"Haus Montana M\u00fcrren","description":"Haus Montana M\u00fcrren | Das Haus Montana besteht aus den Geb\u00e4uden \u00abMontana\u00bb und \u00abMurmeli\u00bb, welche an der Dorfstrasse direkt nebeneinanderstehen.","robots":{"index":"index","follow":"follow","max-snippet":"max-snippet:-1","max-image-preview":"max-image-preview:large","max-video-preview":"max-video-preview:-1"},"canonical":"https:\/\/haus-montana.ch\/de\/geschichte\/","og_locale":"de_DE","og_type":"article","og_title":"Haus Montana M\u00fcrren","og_description":"Haus Montana M\u00fcrren | Das Haus Montana besteht aus den Geb\u00e4uden \u00abMontana\u00bb und \u00abMurmeli\u00bb, welche an der Dorfstrasse direkt nebeneinanderstehen.","og_url":"https:\/\/haus-montana.ch\/de\/geschichte\/","og_site_name":"Haus Montana","article_publisher":"https:\/\/www.facebook.com\/gabrieldesign.swiss","article_modified_time":"2025-04-25T13:13:07+00:00","og_image":[{"width":2000,"height":1333,"url":"https:\/\/haus-montana.ch\/wp-content\/uploads\/haus-montana-muerren-haus-montana-web-029.jpg","type":"image\/jpeg"}],"twitter_card":"summary_large_image","twitter_site":"@GDswiss","twitter_misc":{"Gesch\u00e4tzte Lesezeit":"2\u00a0Minuten"},"schema":{"@context":"https:\/\/schema.org","@graph":[{"@type":"WebPage","@id":"https:\/\/haus-montana.ch\/de\/geschichte\/","url":"https:\/\/haus-montana.ch\/de\/geschichte\/","name":"Haus Montana M\u00fcrren","isPartOf":{"@id":"https:\/\/haus-montana.ch\/de\/#website"},"primaryImageOfPage":{"@id":"https:\/\/haus-montana.ch\/de\/geschichte\/#primaryimage"},"image":{"@id":"https:\/\/haus-montana.ch\/de\/geschichte\/#primaryimage"},"thumbnailUrl":"https:\/\/haus-montana.ch\/wp-content\/uploads\/haus-montana-muerren-haus-montana-web-029.jpg","datePublished":"2023-02-06T14:43:03+00:00","dateModified":"2025-04-25T13:13:07+00:00","description":"Haus Montana M\u00fcrren | Das Haus Montana besteht aus den Geb\u00e4uden \u00abMontana\u00bb und \u00abMurmeli\u00bb, welche an der Dorfstrasse direkt nebeneinanderstehen.","breadcrumb":{"@id":"https:\/\/haus-montana.ch\/de\/geschichte\/#breadcrumb"},"inLanguage":"de","potentialAction":[{"@type":"ReadAction","target":["https:\/\/haus-montana.ch\/de\/geschichte\/"]}]},{"@type":"ImageObject","inLanguage":"de","@id":"https:\/\/haus-montana.ch\/de\/geschichte\/#primaryimage","url":"https:\/\/haus-montana.ch\/wp-content\/uploads\/haus-montana-muerren-haus-montana-web-029.jpg","contentUrl":"https:\/\/haus-montana.ch\/wp-content\/uploads\/haus-montana-muerren-haus-montana-web-029.jpg","width":2000,"height":1333,"caption":"Haus Montana M\u00fcrren"},{"@type":"BreadcrumbList","@id":"https:\/\/haus-montana.ch\/de\/geschichte\/#breadcrumb","itemListElement":[{"@type":"ListItem","position":1,"name":"Home","item":"https:\/\/haus-montana.ch\/de\/"},{"@type":"ListItem","position":2,"name":"Geschichte"}]},{"@type":"WebSite","@id":"https:\/\/haus-montana.ch\/de\/#website","url":"https:\/\/haus-montana.ch\/de\/","name":"GABRIEL DESIGN GmbH","description":"","publisher":{"@id":"https:\/\/haus-montana.ch\/de\/#organization"},"potentialAction":[{"@type":"SearchAction","target":{"@type":"EntryPoint","urlTemplate":"https:\/\/haus-montana.ch\/de\/?s={search_term_string}"},"query-input":{"@type":"PropertyValueSpecification","valueRequired":true,"valueName":"search_term_string"}}],"inLanguage":"de"},{"@type":"Organization","@id":"https:\/\/haus-montana.ch\/de\/#organization","name":"GABRIEL DESIGN GmbH","url":"https:\/\/haus-montana.ch\/de\/","logo":{"@type":"ImageObject","inLanguage":"de","@id":"https:\/\/haus-montana.ch\/de\/#\/schema\/logo\/image\/","url":"https:\/\/haus-montana.ch\/wp-content\/uploads\/2017\/10\/gabriel-design-facebook-icon.png","contentUrl":"https:\/\/haus-montana.ch\/wp-content\/uploads\/2017\/10\/gabriel-design-facebook-icon.png","width":3232,"height":3233,"caption":"GABRIEL DESIGN GmbH"},"image":{"@id":"https:\/\/haus-montana.ch\/de\/#\/schema\/logo\/image\/"},"sameAs":["https:\/\/www.facebook.com\/gabrieldesign.swiss","https:\/\/x.com\/GDswiss","https:\/\/www.instagram.com\/gabrieldesign.swiss\/","https:\/\/www.linkedin.com\/company\/gabrieldesign\/"]}]}},"_links":{"self":[{"href":"https:\/\/haus-montana.ch\/de\/wp-json\/wp\/v2\/pages\/7085","targetHints":{"allow":["GET"]}}],"collection":[{"href":"https:\/\/haus-montana.ch\/de\/wp-json\/wp\/v2\/pages"}],"about":[{"href":"https:\/\/haus-montana.ch\/de\/wp-json\/wp\/v2\/types\/page"}],"author":[{"embeddable":true,"href":"https:\/\/haus-montana.ch\/de\/wp-json\/wp\/v2\/users\/17"}],"replies":[{"embeddable":true,"href":"https:\/\/haus-montana.ch\/de\/wp-json\/wp\/v2\/comments?post=7085"}],"version-history":[{"count":28,"href":"https:\/\/haus-montana.ch\/de\/wp-json\/wp\/v2\/pages\/7085\/revisions"}],"predecessor-version":[{"id":9490,"href":"https:\/\/haus-montana.ch\/de\/wp-json\/wp\/v2\/pages\/7085\/revisions\/9490"}],"wp:featuredmedia":[{"embeddable":true,"href":"https:\/\/haus-montana.ch\/de\/wp-json\/wp\/v2\/media\/7005"}],"wp:attachment":[{"href":"https:\/\/haus-montana.ch\/de\/wp-json\/wp\/v2\/media?parent=7085"}],"curies":[{"name":"wp","href":"https:\/\/api.w.org\/{rel}","templated":true}]}}