{"id":7107,"date":"2023-02-07T11:05:19","date_gmt":"2023-02-07T10:05:19","guid":{"rendered":"https:\/\/haus-montana.ch\/?page_id=7107"},"modified":"2025-04-10T14:55:48","modified_gmt":"2025-04-10T12:55:48","slug":"mietwohnungen","status":"publish","type":"page","link":"https:\/\/haus-montana.ch\/de\/mietwohnungen\/","title":{"rendered":"Mietwohnungen"},"content":{"rendered":"<div id=\"cs-content\" class=\"cs-content\"><\/div>\n","protected":false},"excerpt":{"rendered":"<p>&nbsp; Innenausbau Die 1-4-Zimmer-Wohnungen sind von unterschiedlichem Innenausbau, einige verf&uuml;gen &uuml;ber einen Wintergarten oder einen Balkon. Die Gartenanlagen stehen allen Mietenden zur Verf&uuml;gung.Beruhigende Berglandschaft Die Wohnungen sind bei sch&ouml;nem Wetter sonnendurchflutet und imponieren mit wunderbaren Ausblicken ins Tal und zum Berg.Zurzeit sind keine Wohnungen verf\u00fcgbar Impressionen der Wohnungen Zu vermieten Kellerabteile unterschiedlicher Gr\u00f6sse zu mieten: \u00dcbersicht Kellerabteile unten im Garten &#8230; <a href=\"https:\/\/haus-montana.ch\/de\/mietwohnungen\/\" class=\"more-link\">Read More<\/a><\/p>\n","protected":false},"author":17,"featured_media":7005,"parent":0,"menu_order":0,"comment_status":"closed","ping_status":"closed","template":"template-blank-4.php","meta":{"inline_featured_image":false,"iawp_total_views":1198,"footnotes":""},"class_list":["post-7107","page","type-page","status-publish","has-post-thumbnail","hentry"],"yoast_head":"<!-- This site is optimized with the Yoast SEO plugin v27.2 - https:\/\/yoast.com\/product\/yoast-seo-wordpress\/ -->\n<title>Haus Montana M\u00fcrren<\/title>\n<meta name=\"description\" content=\"Haus Montana M\u00fcrren | Das Haus Montana besteht aus den Geb\u00e4uden \u00abMontana\u00bb und \u00abMurmeli\u00bb, welche an der Dorfstrasse direkt nebeneinanderstehen.\" \/>\n<meta name=\"robots\" content=\"index, follow, max-snippet:-1, max-image-preview:large, max-video-preview:-1\" \/>\n<link rel=\"canonical\" href=\"https:\/\/haus-montana.ch\/de\/mietwohnungen\/\" \/>\n<meta property=\"og:locale\" content=\"de_DE\" \/>\n<meta property=\"og:type\" content=\"article\" \/>\n<meta property=\"og:title\" content=\"Haus Montana M\u00fcrren\" \/>\n<meta property=\"og:description\" content=\"Haus Montana M\u00fcrren | Das Haus Montana besteht aus den Geb\u00e4uden \u00abMontana\u00bb und \u00abMurmeli\u00bb, welche an der Dorfstrasse direkt nebeneinanderstehen.\" \/>\n<meta property=\"og:url\" content=\"https:\/\/haus-montana.ch\/de\/mietwohnungen\/\" \/>\n<meta property=\"og:site_name\" content=\"Haus Montana\" \/>\n<meta property=\"article:publisher\" content=\"https:\/\/www.facebook.com\/gabrieldesign.swiss\" \/>\n<meta property=\"article:modified_time\" content=\"2025-04-10T12:55:48+00:00\" \/>\n<meta property=\"og:image\" content=\"https:\/\/haus-montana.ch\/wp-content\/uploads\/haus-montana-muerren-haus-montana-web-029.jpg\" \/>\n\t<meta property=\"og:image:width\" content=\"2000\" \/>\n\t<meta property=\"og:image:height\" content=\"1333\" \/>\n\t<meta property=\"og:image:type\" content=\"image\/jpeg\" \/>\n<meta name=\"twitter:card\" content=\"summary_large_image\" \/>\n<meta name=\"twitter:site\" content=\"@GDswiss\" \/>\n<meta name=\"twitter:label1\" content=\"Gesch\u00e4tzte Lesezeit\" \/>\n\t<meta name=\"twitter:data1\" content=\"2\u00a0Minuten\" \/>\n<script type=\"application\/ld+json\" class=\"yoast-schema-graph\">{\"@context\":\"https:\/\/schema.org\",\"@graph\":[{\"@type\":\"WebPage\",\"@id\":\"https:\/\/haus-montana.ch\/de\/mietwohnungen\/\",\"url\":\"https:\/\/haus-montana.ch\/de\/mietwohnungen\/\",\"name\":\"Haus Montana M\u00fcrren\",\"isPartOf\":{\"@id\":\"https:\/\/haus-montana.ch\/de\/#website\"},\"primaryImageOfPage\":{\"@id\":\"https:\/\/haus-montana.ch\/de\/mietwohnungen\/#primaryimage\"},\"image\":{\"@id\":\"https:\/\/haus-montana.ch\/de\/mietwohnungen\/#primaryimage\"},\"thumbnailUrl\":\"https:\/\/haus-montana.ch\/wp-content\/uploads\/haus-montana-muerren-haus-montana-web-029.jpg\",\"datePublished\":\"2023-02-07T10:05:19+00:00\",\"dateModified\":\"2025-04-10T12:55:48+00:00\",\"description\":\"Haus Montana M\u00fcrren | Das Haus Montana besteht aus den Geb\u00e4uden \u00abMontana\u00bb und \u00abMurmeli\u00bb, welche an der Dorfstrasse direkt nebeneinanderstehen.\",\"breadcrumb\":{\"@id\":\"https:\/\/haus-montana.ch\/de\/mietwohnungen\/#breadcrumb\"},\"inLanguage\":\"de\",\"potentialAction\":[{\"@type\":\"ReadAction\",\"target\":[\"https:\/\/haus-montana.ch\/de\/mietwohnungen\/\"]}]},{\"@type\":\"ImageObject\",\"inLanguage\":\"de\",\"@id\":\"https:\/\/haus-montana.ch\/de\/mietwohnungen\/#primaryimage\",\"url\":\"https:\/\/haus-montana.ch\/wp-content\/uploads\/haus-montana-muerren-haus-montana-web-029.jpg\",\"contentUrl\":\"https:\/\/haus-montana.ch\/wp-content\/uploads\/haus-montana-muerren-haus-montana-web-029.jpg\",\"width\":2000,\"height\":1333,\"caption\":\"Haus Montana M\u00fcrren\"},{\"@type\":\"BreadcrumbList\",\"@id\":\"https:\/\/haus-montana.ch\/de\/mietwohnungen\/#breadcrumb\",\"itemListElement\":[{\"@type\":\"ListItem\",\"position\":1,\"name\":\"Home\",\"item\":\"https:\/\/haus-montana.ch\/de\/\"},{\"@type\":\"ListItem\",\"position\":2,\"name\":\"Mietwohnungen\"}]},{\"@type\":\"WebSite\",\"@id\":\"https:\/\/haus-montana.ch\/de\/#website\",\"url\":\"https:\/\/haus-montana.ch\/de\/\",\"name\":\"GABRIEL DESIGN GmbH\",\"description\":\"\",\"publisher\":{\"@id\":\"https:\/\/haus-montana.ch\/de\/#organization\"},\"potentialAction\":[{\"@type\":\"SearchAction\",\"target\":{\"@type\":\"EntryPoint\",\"urlTemplate\":\"https:\/\/haus-montana.ch\/de\/?s={search_term_string}\"},\"query-input\":{\"@type\":\"PropertyValueSpecification\",\"valueRequired\":true,\"valueName\":\"search_term_string\"}}],\"inLanguage\":\"de\"},{\"@type\":\"Organization\",\"@id\":\"https:\/\/haus-montana.ch\/de\/#organization\",\"name\":\"GABRIEL DESIGN GmbH\",\"url\":\"https:\/\/haus-montana.ch\/de\/\",\"logo\":{\"@type\":\"ImageObject\",\"inLanguage\":\"de\",\"@id\":\"https:\/\/haus-montana.ch\/de\/#\/schema\/logo\/image\/\",\"url\":\"https:\/\/haus-montana.ch\/wp-content\/uploads\/2017\/10\/gabriel-design-facebook-icon.png\",\"contentUrl\":\"https:\/\/haus-montana.ch\/wp-content\/uploads\/2017\/10\/gabriel-design-facebook-icon.png\",\"width\":3232,\"height\":3233,\"caption\":\"GABRIEL DESIGN GmbH\"},\"image\":{\"@id\":\"https:\/\/haus-montana.ch\/de\/#\/schema\/logo\/image\/\"},\"sameAs\":[\"https:\/\/www.facebook.com\/gabrieldesign.swiss\",\"https:\/\/x.com\/GDswiss\",\"https:\/\/www.instagram.com\/gabrieldesign.swiss\/\",\"https:\/\/www.linkedin.com\/company\/gabrieldesign\/\"]}]}<\/script>\n<!-- \/ Yoast SEO plugin. -->","yoast_head_json":{"title":"Haus Montana M\u00fcrren","description":"Haus Montana M\u00fcrren | Das Haus Montana besteht aus den Geb\u00e4uden \u00abMontana\u00bb und \u00abMurmeli\u00bb, welche an der Dorfstrasse direkt nebeneinanderstehen.","robots":{"index":"index","follow":"follow","max-snippet":"max-snippet:-1","max-image-preview":"max-image-preview:large","max-video-preview":"max-video-preview:-1"},"canonical":"https:\/\/haus-montana.ch\/de\/mietwohnungen\/","og_locale":"de_DE","og_type":"article","og_title":"Haus Montana M\u00fcrren","og_description":"Haus Montana M\u00fcrren | Das Haus Montana besteht aus den Geb\u00e4uden \u00abMontana\u00bb und \u00abMurmeli\u00bb, welche an der Dorfstrasse direkt nebeneinanderstehen.","og_url":"https:\/\/haus-montana.ch\/de\/mietwohnungen\/","og_site_name":"Haus Montana","article_publisher":"https:\/\/www.facebook.com\/gabrieldesign.swiss","article_modified_time":"2025-04-10T12:55:48+00:00","og_image":[{"width":2000,"height":1333,"url":"https:\/\/haus-montana.ch\/wp-content\/uploads\/haus-montana-muerren-haus-montana-web-029.jpg","type":"image\/jpeg"}],"twitter_card":"summary_large_image","twitter_site":"@GDswiss","twitter_misc":{"Gesch\u00e4tzte Lesezeit":"2\u00a0Minuten"},"schema":{"@context":"https:\/\/schema.org","@graph":[{"@type":"WebPage","@id":"https:\/\/haus-montana.ch\/de\/mietwohnungen\/","url":"https:\/\/haus-montana.ch\/de\/mietwohnungen\/","name":"Haus Montana M\u00fcrren","isPartOf":{"@id":"https:\/\/haus-montana.ch\/de\/#website"},"primaryImageOfPage":{"@id":"https:\/\/haus-montana.ch\/de\/mietwohnungen\/#primaryimage"},"image":{"@id":"https:\/\/haus-montana.ch\/de\/mietwohnungen\/#primaryimage"},"thumbnailUrl":"https:\/\/haus-montana.ch\/wp-content\/uploads\/haus-montana-muerren-haus-montana-web-029.jpg","datePublished":"2023-02-07T10:05:19+00:00","dateModified":"2025-04-10T12:55:48+00:00","description":"Haus Montana M\u00fcrren | Das Haus Montana besteht aus den Geb\u00e4uden \u00abMontana\u00bb und \u00abMurmeli\u00bb, welche an der Dorfstrasse direkt nebeneinanderstehen.","breadcrumb":{"@id":"https:\/\/haus-montana.ch\/de\/mietwohnungen\/#breadcrumb"},"inLanguage":"de","potentialAction":[{"@type":"ReadAction","target":["https:\/\/haus-montana.ch\/de\/mietwohnungen\/"]}]},{"@type":"ImageObject","inLanguage":"de","@id":"https:\/\/haus-montana.ch\/de\/mietwohnungen\/#primaryimage","url":"https:\/\/haus-montana.ch\/wp-content\/uploads\/haus-montana-muerren-haus-montana-web-029.jpg","contentUrl":"https:\/\/haus-montana.ch\/wp-content\/uploads\/haus-montana-muerren-haus-montana-web-029.jpg","width":2000,"height":1333,"caption":"Haus Montana M\u00fcrren"},{"@type":"BreadcrumbList","@id":"https:\/\/haus-montana.ch\/de\/mietwohnungen\/#breadcrumb","itemListElement":[{"@type":"ListItem","position":1,"name":"Home","item":"https:\/\/haus-montana.ch\/de\/"},{"@type":"ListItem","position":2,"name":"Mietwohnungen"}]},{"@type":"WebSite","@id":"https:\/\/haus-montana.ch\/de\/#website","url":"https:\/\/haus-montana.ch\/de\/","name":"GABRIEL DESIGN GmbH","description":"","publisher":{"@id":"https:\/\/haus-montana.ch\/de\/#organization"},"potentialAction":[{"@type":"SearchAction","target":{"@type":"EntryPoint","urlTemplate":"https:\/\/haus-montana.ch\/de\/?s={search_term_string}"},"query-input":{"@type":"PropertyValueSpecification","valueRequired":true,"valueName":"search_term_string"}}],"inLanguage":"de"},{"@type":"Organization","@id":"https:\/\/haus-montana.ch\/de\/#organization","name":"GABRIEL DESIGN GmbH","url":"https:\/\/haus-montana.ch\/de\/","logo":{"@type":"ImageObject","inLanguage":"de","@id":"https:\/\/haus-montana.ch\/de\/#\/schema\/logo\/image\/","url":"https:\/\/haus-montana.ch\/wp-content\/uploads\/2017\/10\/gabriel-design-facebook-icon.png","contentUrl":"https:\/\/haus-montana.ch\/wp-content\/uploads\/2017\/10\/gabriel-design-facebook-icon.png","width":3232,"height":3233,"caption":"GABRIEL DESIGN GmbH"},"image":{"@id":"https:\/\/haus-montana.ch\/de\/#\/schema\/logo\/image\/"},"sameAs":["https:\/\/www.facebook.com\/gabrieldesign.swiss","https:\/\/x.com\/GDswiss","https:\/\/www.instagram.com\/gabrieldesign.swiss\/","https:\/\/www.linkedin.com\/company\/gabrieldesign\/"]}]}},"_links":{"self":[{"href":"https:\/\/haus-montana.ch\/de\/wp-json\/wp\/v2\/pages\/7107","targetHints":{"allow":["GET"]}}],"collection":[{"href":"https:\/\/haus-montana.ch\/de\/wp-json\/wp\/v2\/pages"}],"about":[{"href":"https:\/\/haus-montana.ch\/de\/wp-json\/wp\/v2\/types\/page"}],"author":[{"embeddable":true,"href":"https:\/\/haus-montana.ch\/de\/wp-json\/wp\/v2\/users\/17"}],"replies":[{"embeddable":true,"href":"https:\/\/haus-montana.ch\/de\/wp-json\/wp\/v2\/comments?post=7107"}],"version-history":[{"count":106,"href":"https:\/\/haus-montana.ch\/de\/wp-json\/wp\/v2\/pages\/7107\/revisions"}],"predecessor-version":[{"id":9486,"href":"https:\/\/haus-montana.ch\/de\/wp-json\/wp\/v2\/pages\/7107\/revisions\/9486"}],"wp:featuredmedia":[{"embeddable":true,"href":"https:\/\/haus-montana.ch\/de\/wp-json\/wp\/v2\/media\/7005"}],"wp:attachment":[{"href":"https:\/\/haus-montana.ch\/de\/wp-json\/wp\/v2\/media?parent=7107"}],"curies":[{"name":"wp","href":"https:\/\/api.w.org\/{rel}","templated":true}]}}