{"id":7140,"date":"2023-02-17T09:46:26","date_gmt":"2023-02-17T08:46:26","guid":{"rendered":"https:\/\/haus-montana.ch\/?page_id=7140"},"modified":"2023-08-07T13:31:39","modified_gmt":"2023-08-07T11:31:39","slug":"impressionen","status":"publish","type":"page","link":"https:\/\/haus-montana.ch\/de\/impressionen\/","title":{"rendered":"Impressionen"},"content":{"rendered":"<div id=\"cs-content\" class=\"cs-content\"><\/div>\n","protected":false},"excerpt":{"rendered":"<p>&nbsp; Kandahar Schuhe &#8211; gegr\u00fcndet 1932 im Haus Montana in M\u00fcrren Bis in die 1980er Jahre wurden die Kandahar Schuhe im hauseigenen Ladengesch\u00e4ft im Haus Montana verkauft.Das Bergdorf M\u00fcrren Schneebedeckte untere Dorfstrasse, die einem zum Flanieren einl\u00e4dt &#8211; auch, weil M\u00fcrren autofrei ist.Schneeschmelze und Fr\u00fchlingserwachen! Egal, ob oben auf der Piste oder unten im Dorf, der Blick zum Dreigestirn beeindruckt &#8230; <a href=\"https:\/\/haus-montana.ch\/de\/impressionen\/\" class=\"more-link\">Read More<\/a><\/p>\n","protected":false},"author":17,"featured_media":7173,"parent":0,"menu_order":0,"comment_status":"closed","ping_status":"closed","template":"template-blank-4.php","meta":{"inline_featured_image":false,"iawp_total_views":246,"footnotes":""},"class_list":["post-7140","page","type-page","status-publish","has-post-thumbnail","hentry"],"yoast_head":"<!-- This site is optimized with the Yoast SEO plugin v27.2 - https:\/\/yoast.com\/product\/yoast-seo-wordpress\/ -->\n<title>Haus Montana Impressionen<\/title>\n<meta name=\"description\" content=\"Haus Montana M\u00fcrren | Das Haus Montana besteht aus den Geb\u00e4uden \u00abMontana\u00bb und \u00abMurmeli\u00bb, welche an der Dorfstrasse direkt nebeneinanderstehen.\" \/>\n<meta name=\"robots\" content=\"index, follow, max-snippet:-1, max-image-preview:large, max-video-preview:-1\" \/>\n<link rel=\"canonical\" href=\"https:\/\/haus-montana.ch\/de\/impressionen\/\" \/>\n<meta property=\"og:locale\" content=\"de_DE\" \/>\n<meta property=\"og:type\" content=\"article\" \/>\n<meta property=\"og:title\" content=\"Haus Montana Impressionen\" \/>\n<meta property=\"og:description\" content=\"Haus Montana M\u00fcrren | Das Haus Montana besteht aus den Geb\u00e4uden \u00abMontana\u00bb und \u00abMurmeli\u00bb, welche an der Dorfstrasse direkt nebeneinanderstehen.\" \/>\n<meta property=\"og:url\" content=\"https:\/\/haus-montana.ch\/de\/impressionen\/\" \/>\n<meta property=\"og:site_name\" content=\"Haus Montana\" \/>\n<meta property=\"article:publisher\" content=\"https:\/\/www.facebook.com\/gabrieldesign.swiss\" \/>\n<meta property=\"article:modified_time\" content=\"2023-08-07T11:31:39+00:00\" \/>\n<meta property=\"og:image\" content=\"https:\/\/haus-montana.ch\/wp-content\/uploads\/haus-montana-impressionen-05.jpg\" \/>\n\t<meta property=\"og:image:width\" content=\"2000\" \/>\n\t<meta property=\"og:image:height\" content=\"1500\" \/>\n\t<meta property=\"og:image:type\" content=\"image\/jpeg\" \/>\n<meta name=\"twitter:card\" content=\"summary_large_image\" \/>\n<meta name=\"twitter:site\" content=\"@GDswiss\" \/>\n<meta name=\"twitter:label1\" content=\"Gesch\u00e4tzte Lesezeit\" \/>\n\t<meta name=\"twitter:data1\" content=\"1\u00a0Minute\" \/>\n<script type=\"application\/ld+json\" class=\"yoast-schema-graph\">{\"@context\":\"https:\/\/schema.org\",\"@graph\":[{\"@type\":\"WebPage\",\"@id\":\"https:\/\/haus-montana.ch\/de\/impressionen\/\",\"url\":\"https:\/\/haus-montana.ch\/de\/impressionen\/\",\"name\":\"Haus Montana Impressionen\",\"isPartOf\":{\"@id\":\"https:\/\/haus-montana.ch\/de\/#website\"},\"primaryImageOfPage\":{\"@id\":\"https:\/\/haus-montana.ch\/de\/impressionen\/#primaryimage\"},\"image\":{\"@id\":\"https:\/\/haus-montana.ch\/de\/impressionen\/#primaryimage\"},\"thumbnailUrl\":\"https:\/\/haus-montana.ch\/wp-content\/uploads\/haus-montana-impressionen-05.jpg\",\"datePublished\":\"2023-02-17T08:46:26+00:00\",\"dateModified\":\"2023-08-07T11:31:39+00:00\",\"description\":\"Haus Montana M\u00fcrren | Das Haus Montana besteht aus den Geb\u00e4uden \u00abMontana\u00bb und \u00abMurmeli\u00bb, welche an der Dorfstrasse direkt nebeneinanderstehen.\",\"breadcrumb\":{\"@id\":\"https:\/\/haus-montana.ch\/de\/impressionen\/#breadcrumb\"},\"inLanguage\":\"de\",\"potentialAction\":[{\"@type\":\"ReadAction\",\"target\":[\"https:\/\/haus-montana.ch\/de\/impressionen\/\"]}]},{\"@type\":\"ImageObject\",\"inLanguage\":\"de\",\"@id\":\"https:\/\/haus-montana.ch\/de\/impressionen\/#primaryimage\",\"url\":\"https:\/\/haus-montana.ch\/wp-content\/uploads\/haus-montana-impressionen-05.jpg\",\"contentUrl\":\"https:\/\/haus-montana.ch\/wp-content\/uploads\/haus-montana-impressionen-05.jpg\",\"width\":2000,\"height\":1500},{\"@type\":\"BreadcrumbList\",\"@id\":\"https:\/\/haus-montana.ch\/de\/impressionen\/#breadcrumb\",\"itemListElement\":[{\"@type\":\"ListItem\",\"position\":1,\"name\":\"Home\",\"item\":\"https:\/\/haus-montana.ch\/de\/\"},{\"@type\":\"ListItem\",\"position\":2,\"name\":\"Impressionen\"}]},{\"@type\":\"WebSite\",\"@id\":\"https:\/\/haus-montana.ch\/de\/#website\",\"url\":\"https:\/\/haus-montana.ch\/de\/\",\"name\":\"GABRIEL DESIGN GmbH\",\"description\":\"\",\"publisher\":{\"@id\":\"https:\/\/haus-montana.ch\/de\/#organization\"},\"potentialAction\":[{\"@type\":\"SearchAction\",\"target\":{\"@type\":\"EntryPoint\",\"urlTemplate\":\"https:\/\/haus-montana.ch\/de\/?s={search_term_string}\"},\"query-input\":{\"@type\":\"PropertyValueSpecification\",\"valueRequired\":true,\"valueName\":\"search_term_string\"}}],\"inLanguage\":\"de\"},{\"@type\":\"Organization\",\"@id\":\"https:\/\/haus-montana.ch\/de\/#organization\",\"name\":\"GABRIEL DESIGN GmbH\",\"url\":\"https:\/\/haus-montana.ch\/de\/\",\"logo\":{\"@type\":\"ImageObject\",\"inLanguage\":\"de\",\"@id\":\"https:\/\/haus-montana.ch\/de\/#\/schema\/logo\/image\/\",\"url\":\"https:\/\/haus-montana.ch\/wp-content\/uploads\/2017\/10\/gabriel-design-facebook-icon.png\",\"contentUrl\":\"https:\/\/haus-montana.ch\/wp-content\/uploads\/2017\/10\/gabriel-design-facebook-icon.png\",\"width\":3232,\"height\":3233,\"caption\":\"GABRIEL DESIGN GmbH\"},\"image\":{\"@id\":\"https:\/\/haus-montana.ch\/de\/#\/schema\/logo\/image\/\"},\"sameAs\":[\"https:\/\/www.facebook.com\/gabrieldesign.swiss\",\"https:\/\/x.com\/GDswiss\",\"https:\/\/www.instagram.com\/gabrieldesign.swiss\/\",\"https:\/\/www.linkedin.com\/company\/gabrieldesign\/\"]}]}<\/script>\n<!-- \/ Yoast SEO plugin. -->","yoast_head_json":{"title":"Haus Montana Impressionen","description":"Haus Montana M\u00fcrren | Das Haus Montana besteht aus den Geb\u00e4uden \u00abMontana\u00bb und \u00abMurmeli\u00bb, welche an der Dorfstrasse direkt nebeneinanderstehen.","robots":{"index":"index","follow":"follow","max-snippet":"max-snippet:-1","max-image-preview":"max-image-preview:large","max-video-preview":"max-video-preview:-1"},"canonical":"https:\/\/haus-montana.ch\/de\/impressionen\/","og_locale":"de_DE","og_type":"article","og_title":"Haus Montana Impressionen","og_description":"Haus Montana M\u00fcrren | Das Haus Montana besteht aus den Geb\u00e4uden \u00abMontana\u00bb und \u00abMurmeli\u00bb, welche an der Dorfstrasse direkt nebeneinanderstehen.","og_url":"https:\/\/haus-montana.ch\/de\/impressionen\/","og_site_name":"Haus Montana","article_publisher":"https:\/\/www.facebook.com\/gabrieldesign.swiss","article_modified_time":"2023-08-07T11:31:39+00:00","og_image":[{"width":2000,"height":1500,"url":"https:\/\/haus-montana.ch\/wp-content\/uploads\/haus-montana-impressionen-05.jpg","type":"image\/jpeg"}],"twitter_card":"summary_large_image","twitter_site":"@GDswiss","twitter_misc":{"Gesch\u00e4tzte Lesezeit":"1\u00a0Minute"},"schema":{"@context":"https:\/\/schema.org","@graph":[{"@type":"WebPage","@id":"https:\/\/haus-montana.ch\/de\/impressionen\/","url":"https:\/\/haus-montana.ch\/de\/impressionen\/","name":"Haus Montana Impressionen","isPartOf":{"@id":"https:\/\/haus-montana.ch\/de\/#website"},"primaryImageOfPage":{"@id":"https:\/\/haus-montana.ch\/de\/impressionen\/#primaryimage"},"image":{"@id":"https:\/\/haus-montana.ch\/de\/impressionen\/#primaryimage"},"thumbnailUrl":"https:\/\/haus-montana.ch\/wp-content\/uploads\/haus-montana-impressionen-05.jpg","datePublished":"2023-02-17T08:46:26+00:00","dateModified":"2023-08-07T11:31:39+00:00","description":"Haus Montana M\u00fcrren | Das Haus Montana besteht aus den Geb\u00e4uden \u00abMontana\u00bb und \u00abMurmeli\u00bb, welche an der Dorfstrasse direkt nebeneinanderstehen.","breadcrumb":{"@id":"https:\/\/haus-montana.ch\/de\/impressionen\/#breadcrumb"},"inLanguage":"de","potentialAction":[{"@type":"ReadAction","target":["https:\/\/haus-montana.ch\/de\/impressionen\/"]}]},{"@type":"ImageObject","inLanguage":"de","@id":"https:\/\/haus-montana.ch\/de\/impressionen\/#primaryimage","url":"https:\/\/haus-montana.ch\/wp-content\/uploads\/haus-montana-impressionen-05.jpg","contentUrl":"https:\/\/haus-montana.ch\/wp-content\/uploads\/haus-montana-impressionen-05.jpg","width":2000,"height":1500},{"@type":"BreadcrumbList","@id":"https:\/\/haus-montana.ch\/de\/impressionen\/#breadcrumb","itemListElement":[{"@type":"ListItem","position":1,"name":"Home","item":"https:\/\/haus-montana.ch\/de\/"},{"@type":"ListItem","position":2,"name":"Impressionen"}]},{"@type":"WebSite","@id":"https:\/\/haus-montana.ch\/de\/#website","url":"https:\/\/haus-montana.ch\/de\/","name":"GABRIEL DESIGN GmbH","description":"","publisher":{"@id":"https:\/\/haus-montana.ch\/de\/#organization"},"potentialAction":[{"@type":"SearchAction","target":{"@type":"EntryPoint","urlTemplate":"https:\/\/haus-montana.ch\/de\/?s={search_term_string}"},"query-input":{"@type":"PropertyValueSpecification","valueRequired":true,"valueName":"search_term_string"}}],"inLanguage":"de"},{"@type":"Organization","@id":"https:\/\/haus-montana.ch\/de\/#organization","name":"GABRIEL DESIGN GmbH","url":"https:\/\/haus-montana.ch\/de\/","logo":{"@type":"ImageObject","inLanguage":"de","@id":"https:\/\/haus-montana.ch\/de\/#\/schema\/logo\/image\/","url":"https:\/\/haus-montana.ch\/wp-content\/uploads\/2017\/10\/gabriel-design-facebook-icon.png","contentUrl":"https:\/\/haus-montana.ch\/wp-content\/uploads\/2017\/10\/gabriel-design-facebook-icon.png","width":3232,"height":3233,"caption":"GABRIEL DESIGN GmbH"},"image":{"@id":"https:\/\/haus-montana.ch\/de\/#\/schema\/logo\/image\/"},"sameAs":["https:\/\/www.facebook.com\/gabrieldesign.swiss","https:\/\/x.com\/GDswiss","https:\/\/www.instagram.com\/gabrieldesign.swiss\/","https:\/\/www.linkedin.com\/company\/gabrieldesign\/"]}]}},"_links":{"self":[{"href":"https:\/\/haus-montana.ch\/de\/wp-json\/wp\/v2\/pages\/7140","targetHints":{"allow":["GET"]}}],"collection":[{"href":"https:\/\/haus-montana.ch\/de\/wp-json\/wp\/v2\/pages"}],"about":[{"href":"https:\/\/haus-montana.ch\/de\/wp-json\/wp\/v2\/types\/page"}],"author":[{"embeddable":true,"href":"https:\/\/haus-montana.ch\/de\/wp-json\/wp\/v2\/users\/17"}],"replies":[{"embeddable":true,"href":"https:\/\/haus-montana.ch\/de\/wp-json\/wp\/v2\/comments?post=7140"}],"version-history":[{"count":59,"href":"https:\/\/haus-montana.ch\/de\/wp-json\/wp\/v2\/pages\/7140\/revisions"}],"predecessor-version":[{"id":9094,"href":"https:\/\/haus-montana.ch\/de\/wp-json\/wp\/v2\/pages\/7140\/revisions\/9094"}],"wp:featuredmedia":[{"embeddable":true,"href":"https:\/\/haus-montana.ch\/de\/wp-json\/wp\/v2\/media\/7173"}],"wp:attachment":[{"href":"https:\/\/haus-montana.ch\/de\/wp-json\/wp\/v2\/media?parent=7140"}],"curies":[{"name":"wp","href":"https:\/\/api.w.org\/{rel}","templated":true}]}}