{"id":7164,"date":"2023-02-17T14:59:44","date_gmt":"2023-02-17T13:59:44","guid":{"rendered":"https:\/\/haus-montana.ch\/?page_id=7164"},"modified":"2023-10-04T07:49:28","modified_gmt":"2023-10-04T05:49:28","slug":"webcam-wetter","status":"publish","type":"page","link":"https:\/\/haus-montana.ch\/de\/webcam-wetter\/","title":{"rendered":"Webcam &#038; Wetter"},"content":{"rendered":"<div id=\"cs-content\" class=\"cs-content\"><\/div>\n","protected":false},"excerpt":{"rendered":"<p>&nbsp; Live-Kameras &#8211; Schilthorn, Stechelberg, Lauterbrunnen Pr\u00fcfen der aktuellen Wetterlage in M\u00fcrren. Auf dieser Seite finden Sie eine Auswahl von Live-Kameras, die in M\u00fcrren und der umliegenden Region installiert sind.Live-Bilder vom Dach des Hotel Edelweiss Die Webcam des Hotel Edelweiss befindet sich auf dessen Dach ca. 50m vom Haus Montana entfernt. Alle 15 Minuten wird ein neues 360\u00b0-Panorama erstellt. W\u00e4hrend &#8230; <a href=\"https:\/\/haus-montana.ch\/de\/webcam-wetter\/\" class=\"more-link\">Read More<\/a><\/p>\n","protected":false},"author":17,"featured_media":6982,"parent":0,"menu_order":0,"comment_status":"closed","ping_status":"closed","template":"template-blank-4.php","meta":{"inline_featured_image":false,"iawp_total_views":98,"footnotes":""},"class_list":["post-7164","page","type-page","status-publish","has-post-thumbnail","hentry"],"yoast_head":"<!-- This site is optimized with the Yoast SEO plugin v27.2 - https:\/\/yoast.com\/product\/yoast-seo-wordpress\/ -->\n<title>Webcams M\u00fcrren | Haus Montana<\/title>\n<meta name=\"description\" content=\"Webcams M\u00fcrren | Auf dieser Seite finden Sie eine Auswahl von Live-Kameras, die in M\u00fcrren und der umliegenden Region installiert sind.\" \/>\n<meta name=\"robots\" content=\"index, follow, max-snippet:-1, max-image-preview:large, max-video-preview:-1\" \/>\n<link rel=\"canonical\" href=\"https:\/\/haus-montana.ch\/de\/webcam-wetter\/\" \/>\n<meta property=\"og:locale\" content=\"de_DE\" \/>\n<meta property=\"og:type\" content=\"article\" \/>\n<meta property=\"og:title\" content=\"Webcams M\u00fcrren | Haus Montana\" \/>\n<meta property=\"og:description\" content=\"Webcams M\u00fcrren | Auf dieser Seite finden Sie eine Auswahl von Live-Kameras, die in M\u00fcrren und der umliegenden Region installiert sind.\" \/>\n<meta property=\"og:url\" content=\"https:\/\/haus-montana.ch\/de\/webcam-wetter\/\" \/>\n<meta property=\"og:site_name\" content=\"Haus Montana\" \/>\n<meta property=\"article:publisher\" content=\"https:\/\/www.facebook.com\/gabrieldesign.swiss\" \/>\n<meta property=\"article:modified_time\" content=\"2023-10-04T05:49:28+00:00\" \/>\n<meta property=\"og:image\" content=\"https:\/\/haus-montana.ch\/wp-content\/uploads\/haus-montana-muerren-haus-montana-web-006.jpg\" \/>\n\t<meta property=\"og:image:width\" content=\"2000\" \/>\n\t<meta property=\"og:image:height\" content=\"1333\" \/>\n\t<meta property=\"og:image:type\" content=\"image\/jpeg\" \/>\n<meta name=\"twitter:card\" content=\"summary_large_image\" \/>\n<meta name=\"twitter:site\" content=\"@GDswiss\" \/>\n<meta name=\"twitter:label1\" content=\"Gesch\u00e4tzte Lesezeit\" \/>\n\t<meta name=\"twitter:data1\" content=\"2\u00a0Minuten\" \/>\n<script type=\"application\/ld+json\" class=\"yoast-schema-graph\">{\"@context\":\"https:\/\/schema.org\",\"@graph\":[{\"@type\":\"WebPage\",\"@id\":\"https:\/\/haus-montana.ch\/de\/webcam-wetter\/\",\"url\":\"https:\/\/haus-montana.ch\/de\/webcam-wetter\/\",\"name\":\"Webcams M\u00fcrren | Haus Montana\",\"isPartOf\":{\"@id\":\"https:\/\/haus-montana.ch\/de\/#website\"},\"primaryImageOfPage\":{\"@id\":\"https:\/\/haus-montana.ch\/de\/webcam-wetter\/#primaryimage\"},\"image\":{\"@id\":\"https:\/\/haus-montana.ch\/de\/webcam-wetter\/#primaryimage\"},\"thumbnailUrl\":\"https:\/\/haus-montana.ch\/wp-content\/uploads\/haus-montana-muerren-haus-montana-web-006.jpg\",\"datePublished\":\"2023-02-17T13:59:44+00:00\",\"dateModified\":\"2023-10-04T05:49:28+00:00\",\"description\":\"Webcams M\u00fcrren | Auf dieser Seite finden Sie eine Auswahl von Live-Kameras, die in M\u00fcrren und der umliegenden Region installiert sind.\",\"breadcrumb\":{\"@id\":\"https:\/\/haus-montana.ch\/de\/webcam-wetter\/#breadcrumb\"},\"inLanguage\":\"de\",\"potentialAction\":[{\"@type\":\"ReadAction\",\"target\":[\"https:\/\/haus-montana.ch\/de\/webcam-wetter\/\"]}]},{\"@type\":\"ImageObject\",\"inLanguage\":\"de\",\"@id\":\"https:\/\/haus-montana.ch\/de\/webcam-wetter\/#primaryimage\",\"url\":\"https:\/\/haus-montana.ch\/wp-content\/uploads\/haus-montana-muerren-haus-montana-web-006.jpg\",\"contentUrl\":\"https:\/\/haus-montana.ch\/wp-content\/uploads\/haus-montana-muerren-haus-montana-web-006.jpg\",\"width\":2000,\"height\":1333,\"caption\":\"Fotografien vom 9. Juli 2022\"},{\"@type\":\"BreadcrumbList\",\"@id\":\"https:\/\/haus-montana.ch\/de\/webcam-wetter\/#breadcrumb\",\"itemListElement\":[{\"@type\":\"ListItem\",\"position\":1,\"name\":\"Home\",\"item\":\"https:\/\/haus-montana.ch\/de\/\"},{\"@type\":\"ListItem\",\"position\":2,\"name\":\"Webcam &#038; Wetter\"}]},{\"@type\":\"WebSite\",\"@id\":\"https:\/\/haus-montana.ch\/de\/#website\",\"url\":\"https:\/\/haus-montana.ch\/de\/\",\"name\":\"GABRIEL DESIGN GmbH\",\"description\":\"\",\"publisher\":{\"@id\":\"https:\/\/haus-montana.ch\/de\/#organization\"},\"potentialAction\":[{\"@type\":\"SearchAction\",\"target\":{\"@type\":\"EntryPoint\",\"urlTemplate\":\"https:\/\/haus-montana.ch\/de\/?s={search_term_string}\"},\"query-input\":{\"@type\":\"PropertyValueSpecification\",\"valueRequired\":true,\"valueName\":\"search_term_string\"}}],\"inLanguage\":\"de\"},{\"@type\":\"Organization\",\"@id\":\"https:\/\/haus-montana.ch\/de\/#organization\",\"name\":\"GABRIEL DESIGN GmbH\",\"url\":\"https:\/\/haus-montana.ch\/de\/\",\"logo\":{\"@type\":\"ImageObject\",\"inLanguage\":\"de\",\"@id\":\"https:\/\/haus-montana.ch\/de\/#\/schema\/logo\/image\/\",\"url\":\"https:\/\/haus-montana.ch\/wp-content\/uploads\/2017\/10\/gabriel-design-facebook-icon.png\",\"contentUrl\":\"https:\/\/haus-montana.ch\/wp-content\/uploads\/2017\/10\/gabriel-design-facebook-icon.png\",\"width\":3232,\"height\":3233,\"caption\":\"GABRIEL DESIGN GmbH\"},\"image\":{\"@id\":\"https:\/\/haus-montana.ch\/de\/#\/schema\/logo\/image\/\"},\"sameAs\":[\"https:\/\/www.facebook.com\/gabrieldesign.swiss\",\"https:\/\/x.com\/GDswiss\",\"https:\/\/www.instagram.com\/gabrieldesign.swiss\/\",\"https:\/\/www.linkedin.com\/company\/gabrieldesign\/\"]}]}<\/script>\n<!-- \/ Yoast SEO plugin. -->","yoast_head_json":{"title":"Webcams M\u00fcrren | Haus Montana","description":"Webcams M\u00fcrren | Auf dieser Seite finden Sie eine Auswahl von Live-Kameras, die in M\u00fcrren und der umliegenden Region installiert sind.","robots":{"index":"index","follow":"follow","max-snippet":"max-snippet:-1","max-image-preview":"max-image-preview:large","max-video-preview":"max-video-preview:-1"},"canonical":"https:\/\/haus-montana.ch\/de\/webcam-wetter\/","og_locale":"de_DE","og_type":"article","og_title":"Webcams M\u00fcrren | Haus Montana","og_description":"Webcams M\u00fcrren | Auf dieser Seite finden Sie eine Auswahl von Live-Kameras, die in M\u00fcrren und der umliegenden Region installiert sind.","og_url":"https:\/\/haus-montana.ch\/de\/webcam-wetter\/","og_site_name":"Haus Montana","article_publisher":"https:\/\/www.facebook.com\/gabrieldesign.swiss","article_modified_time":"2023-10-04T05:49:28+00:00","og_image":[{"width":2000,"height":1333,"url":"https:\/\/haus-montana.ch\/wp-content\/uploads\/haus-montana-muerren-haus-montana-web-006.jpg","type":"image\/jpeg"}],"twitter_card":"summary_large_image","twitter_site":"@GDswiss","twitter_misc":{"Gesch\u00e4tzte Lesezeit":"2\u00a0Minuten"},"schema":{"@context":"https:\/\/schema.org","@graph":[{"@type":"WebPage","@id":"https:\/\/haus-montana.ch\/de\/webcam-wetter\/","url":"https:\/\/haus-montana.ch\/de\/webcam-wetter\/","name":"Webcams M\u00fcrren | Haus Montana","isPartOf":{"@id":"https:\/\/haus-montana.ch\/de\/#website"},"primaryImageOfPage":{"@id":"https:\/\/haus-montana.ch\/de\/webcam-wetter\/#primaryimage"},"image":{"@id":"https:\/\/haus-montana.ch\/de\/webcam-wetter\/#primaryimage"},"thumbnailUrl":"https:\/\/haus-montana.ch\/wp-content\/uploads\/haus-montana-muerren-haus-montana-web-006.jpg","datePublished":"2023-02-17T13:59:44+00:00","dateModified":"2023-10-04T05:49:28+00:00","description":"Webcams M\u00fcrren | Auf dieser Seite finden Sie eine Auswahl von Live-Kameras, die in M\u00fcrren und der umliegenden Region installiert sind.","breadcrumb":{"@id":"https:\/\/haus-montana.ch\/de\/webcam-wetter\/#breadcrumb"},"inLanguage":"de","potentialAction":[{"@type":"ReadAction","target":["https:\/\/haus-montana.ch\/de\/webcam-wetter\/"]}]},{"@type":"ImageObject","inLanguage":"de","@id":"https:\/\/haus-montana.ch\/de\/webcam-wetter\/#primaryimage","url":"https:\/\/haus-montana.ch\/wp-content\/uploads\/haus-montana-muerren-haus-montana-web-006.jpg","contentUrl":"https:\/\/haus-montana.ch\/wp-content\/uploads\/haus-montana-muerren-haus-montana-web-006.jpg","width":2000,"height":1333,"caption":"Fotografien vom 9. Juli 2022"},{"@type":"BreadcrumbList","@id":"https:\/\/haus-montana.ch\/de\/webcam-wetter\/#breadcrumb","itemListElement":[{"@type":"ListItem","position":1,"name":"Home","item":"https:\/\/haus-montana.ch\/de\/"},{"@type":"ListItem","position":2,"name":"Webcam &#038; Wetter"}]},{"@type":"WebSite","@id":"https:\/\/haus-montana.ch\/de\/#website","url":"https:\/\/haus-montana.ch\/de\/","name":"GABRIEL DESIGN GmbH","description":"","publisher":{"@id":"https:\/\/haus-montana.ch\/de\/#organization"},"potentialAction":[{"@type":"SearchAction","target":{"@type":"EntryPoint","urlTemplate":"https:\/\/haus-montana.ch\/de\/?s={search_term_string}"},"query-input":{"@type":"PropertyValueSpecification","valueRequired":true,"valueName":"search_term_string"}}],"inLanguage":"de"},{"@type":"Organization","@id":"https:\/\/haus-montana.ch\/de\/#organization","name":"GABRIEL DESIGN GmbH","url":"https:\/\/haus-montana.ch\/de\/","logo":{"@type":"ImageObject","inLanguage":"de","@id":"https:\/\/haus-montana.ch\/de\/#\/schema\/logo\/image\/","url":"https:\/\/haus-montana.ch\/wp-content\/uploads\/2017\/10\/gabriel-design-facebook-icon.png","contentUrl":"https:\/\/haus-montana.ch\/wp-content\/uploads\/2017\/10\/gabriel-design-facebook-icon.png","width":3232,"height":3233,"caption":"GABRIEL DESIGN GmbH"},"image":{"@id":"https:\/\/haus-montana.ch\/de\/#\/schema\/logo\/image\/"},"sameAs":["https:\/\/www.facebook.com\/gabrieldesign.swiss","https:\/\/x.com\/GDswiss","https:\/\/www.instagram.com\/gabrieldesign.swiss\/","https:\/\/www.linkedin.com\/company\/gabrieldesign\/"]}]}},"_links":{"self":[{"href":"https:\/\/haus-montana.ch\/de\/wp-json\/wp\/v2\/pages\/7164","targetHints":{"allow":["GET"]}}],"collection":[{"href":"https:\/\/haus-montana.ch\/de\/wp-json\/wp\/v2\/pages"}],"about":[{"href":"https:\/\/haus-montana.ch\/de\/wp-json\/wp\/v2\/types\/page"}],"author":[{"embeddable":true,"href":"https:\/\/haus-montana.ch\/de\/wp-json\/wp\/v2\/users\/17"}],"replies":[{"embeddable":true,"href":"https:\/\/haus-montana.ch\/de\/wp-json\/wp\/v2\/comments?post=7164"}],"version-history":[{"count":20,"href":"https:\/\/haus-montana.ch\/de\/wp-json\/wp\/v2\/pages\/7164\/revisions"}],"predecessor-version":[{"id":9113,"href":"https:\/\/haus-montana.ch\/de\/wp-json\/wp\/v2\/pages\/7164\/revisions\/9113"}],"wp:featuredmedia":[{"embeddable":true,"href":"https:\/\/haus-montana.ch\/de\/wp-json\/wp\/v2\/media\/6982"}],"wp:attachment":[{"href":"https:\/\/haus-montana.ch\/de\/wp-json\/wp\/v2\/media?parent=7164"}],"curies":[{"name":"wp","href":"https:\/\/api.w.org\/{rel}","templated":true}]}}