{"id":8162,"date":"2023-02-06T15:43:03","date_gmt":"2023-02-06T14:43:03","guid":{"rendered":"https:\/\/haus-montana.ch\/history\/"},"modified":"2025-04-25T15:19:22","modified_gmt":"2025-04-25T13:19:22","slug":"history","status":"publish","type":"page","link":"https:\/\/haus-montana.ch\/en\/history\/","title":{"rendered":"History"},"content":{"rendered":"<div id=\"cs-content\" class=\"cs-content\"><\/div>\n","protected":false},"excerpt":{"rendered":"<p>&nbsp; 0The photo shows the &#8220;small&#8221; Montana&#8221;. An English tourist family is standing in front of the old shoe store on the left, mother Anna von Allmen-Gertsch and her eldest son Fritz on the right (photo taken around 1920). At the beginning of the 20th century, the shoemaker&#8217;s cottage of Friederich von Allmen, who moved here from the neighboring village &#8230; <a href=\"https:\/\/haus-montana.ch\/en\/history\/\" class=\"more-link\">Read More<\/a><\/p>\n","protected":false},"author":17,"featured_media":7351,"parent":0,"menu_order":0,"comment_status":"closed","ping_status":"closed","template":"template-blank-4.php","meta":{"inline_featured_image":false,"iawp_total_views":45,"footnotes":""},"class_list":["post-8162","page","type-page","status-publish","has-post-thumbnail","hentry"],"yoast_head":"<!-- This site is optimized with the Yoast SEO plugin v27.2 - https:\/\/yoast.com\/product\/yoast-seo-wordpress\/ -->\n<title>Haus Montana M\u00fcrren<\/title>\n<meta name=\"description\" content=\"Haus Montana M\u00fcrren | Das Haus Montana besteht aus den Geb\u00e4uden \u00abMontana\u00bb und \u00abMurmeli\u00bb, welche an der Dorfstrasse direkt nebeneinanderstehen.\" \/>\n<meta name=\"robots\" content=\"index, follow, max-snippet:-1, max-image-preview:large, max-video-preview:-1\" \/>\n<link rel=\"canonical\" href=\"https:\/\/haus-montana.ch\/en\/history\/\" \/>\n<meta property=\"og:locale\" content=\"en_US\" \/>\n<meta property=\"og:type\" content=\"article\" \/>\n<meta property=\"og:title\" content=\"Haus Montana M\u00fcrren\" \/>\n<meta property=\"og:description\" content=\"Haus Montana M\u00fcrren | Das Haus Montana besteht aus den Geb\u00e4uden \u00abMontana\u00bb und \u00abMurmeli\u00bb, welche an der Dorfstrasse direkt nebeneinanderstehen.\" \/>\n<meta property=\"og:url\" content=\"https:\/\/haus-montana.ch\/en\/history\/\" \/>\n<meta property=\"og:site_name\" content=\"Haus Montana\" \/>\n<meta property=\"article:publisher\" content=\"https:\/\/www.facebook.com\/gabrieldesign.swiss\" \/>\n<meta property=\"article:modified_time\" content=\"2025-04-25T13:19:22+00:00\" \/>\n<meta property=\"og:image\" content=\"https:\/\/haus-montana.ch\/wp-content\/uploads\/haus-montana-muerren-haus-montana-web-029.jpg\" \/>\n\t<meta property=\"og:image:width\" content=\"2000\" \/>\n\t<meta property=\"og:image:height\" content=\"1333\" \/>\n\t<meta property=\"og:image:type\" content=\"image\/jpeg\" \/>\n<meta name=\"twitter:card\" content=\"summary_large_image\" \/>\n<meta name=\"twitter:site\" content=\"@GDswiss\" \/>\n<meta name=\"twitter:label1\" content=\"Est. reading time\" \/>\n\t<meta name=\"twitter:data1\" content=\"4 minutes\" \/>\n<script type=\"application\/ld+json\" class=\"yoast-schema-graph\">{\"@context\":\"https:\/\/schema.org\",\"@graph\":[{\"@type\":\"WebPage\",\"@id\":\"https:\/\/haus-montana.ch\/en\/history\/\",\"url\":\"https:\/\/haus-montana.ch\/en\/history\/\",\"name\":\"Haus Montana M\u00fcrren\",\"isPartOf\":{\"@id\":\"https:\/\/haus-montana.ch\/en\/#website\"},\"primaryImageOfPage\":{\"@id\":\"https:\/\/haus-montana.ch\/en\/history\/#primaryimage\"},\"image\":{\"@id\":\"https:\/\/haus-montana.ch\/en\/history\/#primaryimage\"},\"thumbnailUrl\":\"https:\/\/haus-montana.ch\/wp-content\/uploads\/haus-montana-muerren-haus-montana-web-029.jpg\",\"datePublished\":\"2023-02-06T14:43:03+00:00\",\"dateModified\":\"2025-04-25T13:19:22+00:00\",\"description\":\"Haus Montana M\u00fcrren | Das Haus Montana besteht aus den Geb\u00e4uden \u00abMontana\u00bb und \u00abMurmeli\u00bb, welche an der Dorfstrasse direkt nebeneinanderstehen.\",\"breadcrumb\":{\"@id\":\"https:\/\/haus-montana.ch\/en\/history\/#breadcrumb\"},\"inLanguage\":\"en-US\",\"potentialAction\":[{\"@type\":\"ReadAction\",\"target\":[\"https:\/\/haus-montana.ch\/en\/history\/\"]}]},{\"@type\":\"ImageObject\",\"inLanguage\":\"en-US\",\"@id\":\"https:\/\/haus-montana.ch\/en\/history\/#primaryimage\",\"url\":\"https:\/\/haus-montana.ch\/wp-content\/uploads\/haus-montana-muerren-haus-montana-web-029.jpg\",\"contentUrl\":\"https:\/\/haus-montana.ch\/wp-content\/uploads\/haus-montana-muerren-haus-montana-web-029.jpg\",\"width\":2000,\"height\":1333,\"caption\":\"Haus Montana M\u00fcrren\"},{\"@type\":\"BreadcrumbList\",\"@id\":\"https:\/\/haus-montana.ch\/en\/history\/#breadcrumb\",\"itemListElement\":[{\"@type\":\"ListItem\",\"position\":1,\"name\":\"Home\",\"item\":\"https:\/\/haus-montana.ch\/en\/home\/\"},{\"@type\":\"ListItem\",\"position\":2,\"name\":\"History\"}]},{\"@type\":\"WebSite\",\"@id\":\"https:\/\/haus-montana.ch\/en\/#website\",\"url\":\"https:\/\/haus-montana.ch\/en\/\",\"name\":\"GABRIEL DESIGN GmbH\",\"description\":\"\",\"publisher\":{\"@id\":\"https:\/\/haus-montana.ch\/en\/#organization\"},\"potentialAction\":[{\"@type\":\"SearchAction\",\"target\":{\"@type\":\"EntryPoint\",\"urlTemplate\":\"https:\/\/haus-montana.ch\/en\/?s={search_term_string}\"},\"query-input\":{\"@type\":\"PropertyValueSpecification\",\"valueRequired\":true,\"valueName\":\"search_term_string\"}}],\"inLanguage\":\"en-US\"},{\"@type\":\"Organization\",\"@id\":\"https:\/\/haus-montana.ch\/en\/#organization\",\"name\":\"GABRIEL DESIGN GmbH\",\"url\":\"https:\/\/haus-montana.ch\/en\/\",\"logo\":{\"@type\":\"ImageObject\",\"inLanguage\":\"en-US\",\"@id\":\"https:\/\/haus-montana.ch\/en\/#\/schema\/logo\/image\/\",\"url\":\"https:\/\/haus-montana.ch\/wp-content\/uploads\/2017\/10\/gabriel-design-facebook-icon.png\",\"contentUrl\":\"https:\/\/haus-montana.ch\/wp-content\/uploads\/2017\/10\/gabriel-design-facebook-icon.png\",\"width\":3232,\"height\":3233,\"caption\":\"GABRIEL DESIGN GmbH\"},\"image\":{\"@id\":\"https:\/\/haus-montana.ch\/en\/#\/schema\/logo\/image\/\"},\"sameAs\":[\"https:\/\/www.facebook.com\/gabrieldesign.swiss\",\"https:\/\/x.com\/GDswiss\",\"https:\/\/www.instagram.com\/gabrieldesign.swiss\/\",\"https:\/\/www.linkedin.com\/company\/gabrieldesign\/\"]}]}<\/script>\n<!-- \/ Yoast SEO plugin. -->","yoast_head_json":{"title":"Haus Montana M\u00fcrren","description":"Haus Montana M\u00fcrren | Das Haus Montana besteht aus den Geb\u00e4uden \u00abMontana\u00bb und \u00abMurmeli\u00bb, welche an der Dorfstrasse direkt nebeneinanderstehen.","robots":{"index":"index","follow":"follow","max-snippet":"max-snippet:-1","max-image-preview":"max-image-preview:large","max-video-preview":"max-video-preview:-1"},"canonical":"https:\/\/haus-montana.ch\/en\/history\/","og_locale":"en_US","og_type":"article","og_title":"Haus Montana M\u00fcrren","og_description":"Haus Montana M\u00fcrren | Das Haus Montana besteht aus den Geb\u00e4uden \u00abMontana\u00bb und \u00abMurmeli\u00bb, welche an der Dorfstrasse direkt nebeneinanderstehen.","og_url":"https:\/\/haus-montana.ch\/en\/history\/","og_site_name":"Haus Montana","article_publisher":"https:\/\/www.facebook.com\/gabrieldesign.swiss","article_modified_time":"2025-04-25T13:19:22+00:00","og_image":[{"width":2000,"height":1333,"url":"https:\/\/haus-montana.ch\/wp-content\/uploads\/haus-montana-muerren-haus-montana-web-029.jpg","type":"image\/jpeg"}],"twitter_card":"summary_large_image","twitter_site":"@GDswiss","twitter_misc":{"Est. reading time":"4 minutes"},"schema":{"@context":"https:\/\/schema.org","@graph":[{"@type":"WebPage","@id":"https:\/\/haus-montana.ch\/en\/history\/","url":"https:\/\/haus-montana.ch\/en\/history\/","name":"Haus Montana M\u00fcrren","isPartOf":{"@id":"https:\/\/haus-montana.ch\/en\/#website"},"primaryImageOfPage":{"@id":"https:\/\/haus-montana.ch\/en\/history\/#primaryimage"},"image":{"@id":"https:\/\/haus-montana.ch\/en\/history\/#primaryimage"},"thumbnailUrl":"https:\/\/haus-montana.ch\/wp-content\/uploads\/haus-montana-muerren-haus-montana-web-029.jpg","datePublished":"2023-02-06T14:43:03+00:00","dateModified":"2025-04-25T13:19:22+00:00","description":"Haus Montana M\u00fcrren | Das Haus Montana besteht aus den Geb\u00e4uden \u00abMontana\u00bb und \u00abMurmeli\u00bb, welche an der Dorfstrasse direkt nebeneinanderstehen.","breadcrumb":{"@id":"https:\/\/haus-montana.ch\/en\/history\/#breadcrumb"},"inLanguage":"en-US","potentialAction":[{"@type":"ReadAction","target":["https:\/\/haus-montana.ch\/en\/history\/"]}]},{"@type":"ImageObject","inLanguage":"en-US","@id":"https:\/\/haus-montana.ch\/en\/history\/#primaryimage","url":"https:\/\/haus-montana.ch\/wp-content\/uploads\/haus-montana-muerren-haus-montana-web-029.jpg","contentUrl":"https:\/\/haus-montana.ch\/wp-content\/uploads\/haus-montana-muerren-haus-montana-web-029.jpg","width":2000,"height":1333,"caption":"Haus Montana M\u00fcrren"},{"@type":"BreadcrumbList","@id":"https:\/\/haus-montana.ch\/en\/history\/#breadcrumb","itemListElement":[{"@type":"ListItem","position":1,"name":"Home","item":"https:\/\/haus-montana.ch\/en\/home\/"},{"@type":"ListItem","position":2,"name":"History"}]},{"@type":"WebSite","@id":"https:\/\/haus-montana.ch\/en\/#website","url":"https:\/\/haus-montana.ch\/en\/","name":"GABRIEL DESIGN GmbH","description":"","publisher":{"@id":"https:\/\/haus-montana.ch\/en\/#organization"},"potentialAction":[{"@type":"SearchAction","target":{"@type":"EntryPoint","urlTemplate":"https:\/\/haus-montana.ch\/en\/?s={search_term_string}"},"query-input":{"@type":"PropertyValueSpecification","valueRequired":true,"valueName":"search_term_string"}}],"inLanguage":"en-US"},{"@type":"Organization","@id":"https:\/\/haus-montana.ch\/en\/#organization","name":"GABRIEL DESIGN GmbH","url":"https:\/\/haus-montana.ch\/en\/","logo":{"@type":"ImageObject","inLanguage":"en-US","@id":"https:\/\/haus-montana.ch\/en\/#\/schema\/logo\/image\/","url":"https:\/\/haus-montana.ch\/wp-content\/uploads\/2017\/10\/gabriel-design-facebook-icon.png","contentUrl":"https:\/\/haus-montana.ch\/wp-content\/uploads\/2017\/10\/gabriel-design-facebook-icon.png","width":3232,"height":3233,"caption":"GABRIEL DESIGN GmbH"},"image":{"@id":"https:\/\/haus-montana.ch\/en\/#\/schema\/logo\/image\/"},"sameAs":["https:\/\/www.facebook.com\/gabrieldesign.swiss","https:\/\/x.com\/GDswiss","https:\/\/www.instagram.com\/gabrieldesign.swiss\/","https:\/\/www.linkedin.com\/company\/gabrieldesign\/"]}]}},"_links":{"self":[{"href":"https:\/\/haus-montana.ch\/en\/wp-json\/wp\/v2\/pages\/8162","targetHints":{"allow":["GET"]}}],"collection":[{"href":"https:\/\/haus-montana.ch\/en\/wp-json\/wp\/v2\/pages"}],"about":[{"href":"https:\/\/haus-montana.ch\/en\/wp-json\/wp\/v2\/types\/page"}],"author":[{"embeddable":true,"href":"https:\/\/haus-montana.ch\/en\/wp-json\/wp\/v2\/users\/17"}],"replies":[{"embeddable":true,"href":"https:\/\/haus-montana.ch\/en\/wp-json\/wp\/v2\/comments?post=8162"}],"version-history":[{"count":12,"href":"https:\/\/haus-montana.ch\/en\/wp-json\/wp\/v2\/pages\/8162\/revisions"}],"predecessor-version":[{"id":9491,"href":"https:\/\/haus-montana.ch\/en\/wp-json\/wp\/v2\/pages\/8162\/revisions\/9491"}],"wp:featuredmedia":[{"embeddable":true,"href":"https:\/\/haus-montana.ch\/en\/wp-json\/wp\/v2\/media\/7351"}],"wp:attachment":[{"href":"https:\/\/haus-montana.ch\/en\/wp-json\/wp\/v2\/media?parent=8162"}],"curies":[{"name":"wp","href":"https:\/\/api.w.org\/{rel}","templated":true}]}}