{"id":7415,"date":"2021-11-11T16:03:20","date_gmt":"2021-11-11T15:03:20","guid":{"rendered":"https:\/\/haus-montana.ch\/home-en-fr\/"},"modified":"2026-02-11T09:38:26","modified_gmt":"2026-02-11T08:38:26","slug":"accueil","status":"publish","type":"page","link":"https:\/\/haus-montana.ch\/fr\/","title":{"rendered":"Accueil"},"content":{"rendered":"<div id=\"cs-content\" class=\"cs-content\"><\/div>\n","protected":false},"excerpt":{"rendered":"<p>Bienvenue \u00e0 la Haus Montana dans le village de montagne ensoleill\u00e9 de M\u00fcrren La propri\u00e9t\u00e9 Haus Montana se compose des b\u00e2timents \u00ab\u00a0Montana\u00a0\u00bb et \u00ab\u00a0Murmeli\u00a0\u00bb qui se trouvent directement c\u00f4t\u00e9 \u00e0 c\u00f4t\u00e9 de l&rsquo;autre dans la rue du village, c\u00f4t\u00e9 vall\u00e9e. Le village de montagne de M\u00fcrren se trouve \u00e0 1650 m d&rsquo;altitude dans l&rsquo;Oberland Bernois en Suisse et peut \u00eatre &#8230; <a href=\"https:\/\/haus-montana.ch\/fr\/\" class=\"more-link\">Read More<\/a><\/p>\n","protected":false},"author":20,"featured_media":7352,"parent":0,"menu_order":0,"comment_status":"closed","ping_status":"closed","template":"template-blank-4.php","meta":{"inline_featured_image":false,"iawp_total_views":48,"footnotes":""},"class_list":["post-7415","page","type-page","status-publish","has-post-thumbnail","hentry"],"yoast_head":"<!-- This site is optimized with the Yoast SEO plugin v27.2 - https:\/\/yoast.com\/product\/yoast-seo-wordpress\/ -->\n<title>Accueil - Haus Montana<\/title>\n<meta name=\"robots\" content=\"index, follow, max-snippet:-1, max-image-preview:large, max-video-preview:-1\" \/>\n<link rel=\"canonical\" href=\"https:\/\/haus-montana.ch\/fr\/\" \/>\n<meta property=\"og:locale\" content=\"fr_FR\" \/>\n<meta property=\"og:type\" content=\"article\" \/>\n<meta property=\"og:title\" content=\"Accueil - Haus Montana\" \/>\n<meta property=\"og:description\" content=\"Bienvenue \u00e0 la Haus Montana dans le village de montagne ensoleill\u00e9 de M\u00fcrren La propri\u00e9t\u00e9 Haus Montana se compose des b\u00e2timents &quot;Montana&quot; et &quot;Murmeli&quot; qui se trouvent directement c\u00f4t\u00e9 \u00e0 c\u00f4t\u00e9 de l&#039;autre dans la rue du village, c\u00f4t\u00e9 vall\u00e9e. Le village de montagne de M\u00fcrren se trouve \u00e0 1650 m d&#039;altitude dans l&#039;Oberland Bernois en Suisse et peut \u00eatre ... Read More\" \/>\n<meta property=\"og:url\" content=\"https:\/\/haus-montana.ch\/fr\/\" \/>\n<meta property=\"og:site_name\" content=\"Haus Montana\" \/>\n<meta property=\"article:publisher\" content=\"https:\/\/www.facebook.com\/gabrieldesign.swiss\" \/>\n<meta property=\"article:modified_time\" content=\"2026-02-11T08:38:26+00:00\" \/>\n<meta property=\"og:image\" content=\"https:\/\/haus-montana.ch\/wp-content\/uploads\/haus-montana-muerren-haus-montana-web-029.jpg\" \/>\n\t<meta property=\"og:image:width\" content=\"2000\" \/>\n\t<meta property=\"og:image:height\" content=\"1333\" \/>\n\t<meta property=\"og:image:type\" content=\"image\/jpeg\" \/>\n<meta name=\"twitter:card\" content=\"summary_large_image\" \/>\n<meta name=\"twitter:site\" content=\"@GDswiss\" \/>\n<meta name=\"twitter:label1\" content=\"Dur\u00e9e de lecture estim\u00e9e\" \/>\n\t<meta name=\"twitter:data1\" content=\"4 minutes\" \/>\n<script type=\"application\/ld+json\" class=\"yoast-schema-graph\">{\"@context\":\"https:\/\/schema.org\",\"@graph\":[{\"@type\":\"WebPage\",\"@id\":\"https:\/\/haus-montana.ch\/fr\/\",\"url\":\"https:\/\/haus-montana.ch\/fr\/\",\"name\":\"Accueil - Haus Montana\",\"isPartOf\":{\"@id\":\"https:\/\/haus-montana.ch\/fr\/#website\"},\"primaryImageOfPage\":{\"@id\":\"https:\/\/haus-montana.ch\/fr\/#primaryimage\"},\"image\":{\"@id\":\"https:\/\/haus-montana.ch\/fr\/#primaryimage\"},\"thumbnailUrl\":\"https:\/\/haus-montana.ch\/wp-content\/uploads\/haus-montana-muerren-haus-montana-web-029.jpg\",\"datePublished\":\"2021-11-11T15:03:20+00:00\",\"dateModified\":\"2026-02-11T08:38:26+00:00\",\"breadcrumb\":{\"@id\":\"https:\/\/haus-montana.ch\/fr\/#breadcrumb\"},\"inLanguage\":\"fr-FR\",\"potentialAction\":[{\"@type\":\"ReadAction\",\"target\":[\"https:\/\/haus-montana.ch\/fr\/\"]}]},{\"@type\":\"ImageObject\",\"inLanguage\":\"fr-FR\",\"@id\":\"https:\/\/haus-montana.ch\/fr\/#primaryimage\",\"url\":\"https:\/\/haus-montana.ch\/wp-content\/uploads\/haus-montana-muerren-haus-montana-web-029.jpg\",\"contentUrl\":\"https:\/\/haus-montana.ch\/wp-content\/uploads\/haus-montana-muerren-haus-montana-web-029.jpg\",\"width\":2000,\"height\":1333,\"caption\":\"Haus Montana M\u00fcrren\"},{\"@type\":\"BreadcrumbList\",\"@id\":\"https:\/\/haus-montana.ch\/fr\/#breadcrumb\",\"itemListElement\":[{\"@type\":\"ListItem\",\"position\":1,\"name\":\"Home\",\"item\":\"https:\/\/haus-montana.ch\/fr\/accueil\/\"},{\"@type\":\"ListItem\",\"position\":2,\"name\":\"Accueil\"}]},{\"@type\":\"WebSite\",\"@id\":\"https:\/\/haus-montana.ch\/fr\/#website\",\"url\":\"https:\/\/haus-montana.ch\/fr\/\",\"name\":\"GABRIEL DESIGN GmbH\",\"description\":\"\",\"publisher\":{\"@id\":\"https:\/\/haus-montana.ch\/fr\/#organization\"},\"potentialAction\":[{\"@type\":\"SearchAction\",\"target\":{\"@type\":\"EntryPoint\",\"urlTemplate\":\"https:\/\/haus-montana.ch\/fr\/?s={search_term_string}\"},\"query-input\":{\"@type\":\"PropertyValueSpecification\",\"valueRequired\":true,\"valueName\":\"search_term_string\"}}],\"inLanguage\":\"fr-FR\"},{\"@type\":\"Organization\",\"@id\":\"https:\/\/haus-montana.ch\/fr\/#organization\",\"name\":\"GABRIEL DESIGN GmbH\",\"url\":\"https:\/\/haus-montana.ch\/fr\/\",\"logo\":{\"@type\":\"ImageObject\",\"inLanguage\":\"fr-FR\",\"@id\":\"https:\/\/haus-montana.ch\/fr\/#\/schema\/logo\/image\/\",\"url\":\"https:\/\/haus-montana.ch\/wp-content\/uploads\/2017\/10\/gabriel-design-facebook-icon.png\",\"contentUrl\":\"https:\/\/haus-montana.ch\/wp-content\/uploads\/2017\/10\/gabriel-design-facebook-icon.png\",\"width\":3232,\"height\":3233,\"caption\":\"GABRIEL DESIGN GmbH\"},\"image\":{\"@id\":\"https:\/\/haus-montana.ch\/fr\/#\/schema\/logo\/image\/\"},\"sameAs\":[\"https:\/\/www.facebook.com\/gabrieldesign.swiss\",\"https:\/\/x.com\/GDswiss\",\"https:\/\/www.instagram.com\/gabrieldesign.swiss\/\",\"https:\/\/www.linkedin.com\/company\/gabrieldesign\/\"]}]}<\/script>\n<!-- \/ Yoast SEO plugin. -->","yoast_head_json":{"title":"Accueil - Haus Montana","robots":{"index":"index","follow":"follow","max-snippet":"max-snippet:-1","max-image-preview":"max-image-preview:large","max-video-preview":"max-video-preview:-1"},"canonical":"https:\/\/haus-montana.ch\/fr\/","og_locale":"fr_FR","og_type":"article","og_title":"Accueil - Haus Montana","og_description":"Bienvenue \u00e0 la Haus Montana dans le village de montagne ensoleill\u00e9 de M\u00fcrren La propri\u00e9t\u00e9 Haus Montana se compose des b\u00e2timents \"Montana\" et \"Murmeli\" qui se trouvent directement c\u00f4t\u00e9 \u00e0 c\u00f4t\u00e9 de l'autre dans la rue du village, c\u00f4t\u00e9 vall\u00e9e. Le village de montagne de M\u00fcrren se trouve \u00e0 1650 m d'altitude dans l'Oberland Bernois en Suisse et peut \u00eatre ... Read More","og_url":"https:\/\/haus-montana.ch\/fr\/","og_site_name":"Haus Montana","article_publisher":"https:\/\/www.facebook.com\/gabrieldesign.swiss","article_modified_time":"2026-02-11T08:38:26+00:00","og_image":[{"width":2000,"height":1333,"url":"https:\/\/haus-montana.ch\/wp-content\/uploads\/haus-montana-muerren-haus-montana-web-029.jpg","type":"image\/jpeg"}],"twitter_card":"summary_large_image","twitter_site":"@GDswiss","twitter_misc":{"Dur\u00e9e de lecture estim\u00e9e":"4 minutes"},"schema":{"@context":"https:\/\/schema.org","@graph":[{"@type":"WebPage","@id":"https:\/\/haus-montana.ch\/fr\/","url":"https:\/\/haus-montana.ch\/fr\/","name":"Accueil - Haus Montana","isPartOf":{"@id":"https:\/\/haus-montana.ch\/fr\/#website"},"primaryImageOfPage":{"@id":"https:\/\/haus-montana.ch\/fr\/#primaryimage"},"image":{"@id":"https:\/\/haus-montana.ch\/fr\/#primaryimage"},"thumbnailUrl":"https:\/\/haus-montana.ch\/wp-content\/uploads\/haus-montana-muerren-haus-montana-web-029.jpg","datePublished":"2021-11-11T15:03:20+00:00","dateModified":"2026-02-11T08:38:26+00:00","breadcrumb":{"@id":"https:\/\/haus-montana.ch\/fr\/#breadcrumb"},"inLanguage":"fr-FR","potentialAction":[{"@type":"ReadAction","target":["https:\/\/haus-montana.ch\/fr\/"]}]},{"@type":"ImageObject","inLanguage":"fr-FR","@id":"https:\/\/haus-montana.ch\/fr\/#primaryimage","url":"https:\/\/haus-montana.ch\/wp-content\/uploads\/haus-montana-muerren-haus-montana-web-029.jpg","contentUrl":"https:\/\/haus-montana.ch\/wp-content\/uploads\/haus-montana-muerren-haus-montana-web-029.jpg","width":2000,"height":1333,"caption":"Haus Montana M\u00fcrren"},{"@type":"BreadcrumbList","@id":"https:\/\/haus-montana.ch\/fr\/#breadcrumb","itemListElement":[{"@type":"ListItem","position":1,"name":"Home","item":"https:\/\/haus-montana.ch\/fr\/accueil\/"},{"@type":"ListItem","position":2,"name":"Accueil"}]},{"@type":"WebSite","@id":"https:\/\/haus-montana.ch\/fr\/#website","url":"https:\/\/haus-montana.ch\/fr\/","name":"GABRIEL DESIGN GmbH","description":"","publisher":{"@id":"https:\/\/haus-montana.ch\/fr\/#organization"},"potentialAction":[{"@type":"SearchAction","target":{"@type":"EntryPoint","urlTemplate":"https:\/\/haus-montana.ch\/fr\/?s={search_term_string}"},"query-input":{"@type":"PropertyValueSpecification","valueRequired":true,"valueName":"search_term_string"}}],"inLanguage":"fr-FR"},{"@type":"Organization","@id":"https:\/\/haus-montana.ch\/fr\/#organization","name":"GABRIEL DESIGN GmbH","url":"https:\/\/haus-montana.ch\/fr\/","logo":{"@type":"ImageObject","inLanguage":"fr-FR","@id":"https:\/\/haus-montana.ch\/fr\/#\/schema\/logo\/image\/","url":"https:\/\/haus-montana.ch\/wp-content\/uploads\/2017\/10\/gabriel-design-facebook-icon.png","contentUrl":"https:\/\/haus-montana.ch\/wp-content\/uploads\/2017\/10\/gabriel-design-facebook-icon.png","width":3232,"height":3233,"caption":"GABRIEL DESIGN GmbH"},"image":{"@id":"https:\/\/haus-montana.ch\/fr\/#\/schema\/logo\/image\/"},"sameAs":["https:\/\/www.facebook.com\/gabrieldesign.swiss","https:\/\/x.com\/GDswiss","https:\/\/www.instagram.com\/gabrieldesign.swiss\/","https:\/\/www.linkedin.com\/company\/gabrieldesign\/"]}]}},"_links":{"self":[{"href":"https:\/\/haus-montana.ch\/fr\/wp-json\/wp\/v2\/pages\/7415","targetHints":{"allow":["GET"]}}],"collection":[{"href":"https:\/\/haus-montana.ch\/fr\/wp-json\/wp\/v2\/pages"}],"about":[{"href":"https:\/\/haus-montana.ch\/fr\/wp-json\/wp\/v2\/types\/page"}],"author":[{"embeddable":true,"href":"https:\/\/haus-montana.ch\/fr\/wp-json\/wp\/v2\/users\/20"}],"replies":[{"embeddable":true,"href":"https:\/\/haus-montana.ch\/fr\/wp-json\/wp\/v2\/comments?post=7415"}],"version-history":[{"count":34,"href":"https:\/\/haus-montana.ch\/fr\/wp-json\/wp\/v2\/pages\/7415\/revisions"}],"predecessor-version":[{"id":9506,"href":"https:\/\/haus-montana.ch\/fr\/wp-json\/wp\/v2\/pages\/7415\/revisions\/9506"}],"wp:featuredmedia":[{"embeddable":true,"href":"https:\/\/haus-montana.ch\/fr\/wp-json\/wp\/v2\/media\/7352"}],"wp:attachment":[{"href":"https:\/\/haus-montana.ch\/fr\/wp-json\/wp\/v2\/media?parent=7415"}],"curies":[{"name":"wp","href":"https:\/\/api.w.org\/{rel}","templated":true}]}}