{"id":7424,"date":"2023-02-07T11:05:19","date_gmt":"2023-02-07T10:05:19","guid":{"rendered":"https:\/\/haus-montana.ch\/mietwohnungen-en-franzoesisch\/"},"modified":"2025-04-10T14:56:14","modified_gmt":"2025-04-10T12:56:14","slug":"appartements-a-louer","status":"publish","type":"page","link":"https:\/\/haus-montana.ch\/fr\/appartements-a-louer\/","title":{"rendered":"Appartements \u00e0 louer"},"content":{"rendered":"<div id=\"cs-content\" class=\"cs-content\"><\/div>\n","protected":false},"excerpt":{"rendered":"<p>&nbsp; Am&eacute;nagement d&rsquo;int&eacute;rieur Les appartements de 1 \u00e0 4 pi\u00e8ces ont des am\u00e9nagements int\u00e9rieurs diff\u00e9rents, certains disposent d&rsquo;un jardin d&rsquo;hiver ou d&rsquo;un balcon. Les jardins sont \u00e0 la disposition de tous les locataires.Une paysage de montagne&nbsp; apaisant Par beau temps, les appartements sont inond\u00e9s de soleil et impressionnent par leurs vues magnifiques sur la vall\u00e9e et la montagne.Il n&rsquo;y a &#8230; <a href=\"https:\/\/haus-montana.ch\/fr\/appartements-a-louer\/\" class=\"more-link\">Read More<\/a><\/p>\n","protected":false},"author":20,"featured_media":7352,"parent":0,"menu_order":0,"comment_status":"closed","ping_status":"closed","template":"template-blank-4.php","meta":{"inline_featured_image":false,"iawp_total_views":18,"footnotes":""},"class_list":["post-7424","page","type-page","status-publish","has-post-thumbnail","hentry"],"yoast_head":"<!-- This site is optimized with the Yoast SEO plugin v27.2 - https:\/\/yoast.com\/product\/yoast-seo-wordpress\/ -->\n<title>Appartements \u00e0 louer - Haus Montana<\/title>\n<meta name=\"robots\" content=\"index, follow, max-snippet:-1, max-image-preview:large, max-video-preview:-1\" \/>\n<link rel=\"canonical\" href=\"https:\/\/haus-montana.ch\/fr\/appartements-a-louer\/\" \/>\n<meta property=\"og:locale\" content=\"fr_FR\" \/>\n<meta property=\"og:type\" content=\"article\" \/>\n<meta property=\"og:title\" content=\"Appartements \u00e0 louer - Haus Montana\" \/>\n<meta property=\"og:description\" content=\"&nbsp; Am&eacute;nagement d&rsquo;int&eacute;rieur Les appartements de 1 \u00e0 4 pi\u00e8ces ont des am\u00e9nagements int\u00e9rieurs diff\u00e9rents, certains disposent d&#039;un jardin d&#039;hiver ou d&#039;un balcon. Les jardins sont \u00e0 la disposition de tous les locataires.Une paysage de montagne&nbsp; apaisant Par beau temps, les appartements sont inond\u00e9s de soleil et impressionnent par leurs vues magnifiques sur la vall\u00e9e et la montagne.Il n&#039;y a ... Read More\" \/>\n<meta property=\"og:url\" content=\"https:\/\/haus-montana.ch\/fr\/appartements-a-louer\/\" \/>\n<meta property=\"og:site_name\" content=\"Haus Montana\" \/>\n<meta property=\"article:publisher\" content=\"https:\/\/www.facebook.com\/gabrieldesign.swiss\" \/>\n<meta property=\"article:modified_time\" content=\"2025-04-10T12:56:14+00:00\" \/>\n<meta property=\"og:image\" content=\"https:\/\/haus-montana.ch\/wp-content\/uploads\/haus-montana-muerren-haus-montana-web-029.jpg\" \/>\n\t<meta property=\"og:image:width\" content=\"2000\" \/>\n\t<meta property=\"og:image:height\" content=\"1333\" \/>\n\t<meta property=\"og:image:type\" content=\"image\/jpeg\" \/>\n<meta name=\"twitter:card\" content=\"summary_large_image\" \/>\n<meta name=\"twitter:site\" content=\"@GDswiss\" \/>\n<meta name=\"twitter:label1\" content=\"Dur\u00e9e de lecture estim\u00e9e\" \/>\n\t<meta name=\"twitter:data1\" content=\"4 minutes\" \/>\n<script type=\"application\/ld+json\" class=\"yoast-schema-graph\">{\"@context\":\"https:\/\/schema.org\",\"@graph\":[{\"@type\":\"WebPage\",\"@id\":\"https:\/\/haus-montana.ch\/fr\/appartements-a-louer\/\",\"url\":\"https:\/\/haus-montana.ch\/fr\/appartements-a-louer\/\",\"name\":\"Appartements \u00e0 louer - Haus Montana\",\"isPartOf\":{\"@id\":\"https:\/\/haus-montana.ch\/fr\/#website\"},\"primaryImageOfPage\":{\"@id\":\"https:\/\/haus-montana.ch\/fr\/appartements-a-louer\/#primaryimage\"},\"image\":{\"@id\":\"https:\/\/haus-montana.ch\/fr\/appartements-a-louer\/#primaryimage\"},\"thumbnailUrl\":\"https:\/\/haus-montana.ch\/wp-content\/uploads\/haus-montana-muerren-haus-montana-web-029.jpg\",\"datePublished\":\"2023-02-07T10:05:19+00:00\",\"dateModified\":\"2025-04-10T12:56:14+00:00\",\"breadcrumb\":{\"@id\":\"https:\/\/haus-montana.ch\/fr\/appartements-a-louer\/#breadcrumb\"},\"inLanguage\":\"fr-FR\",\"potentialAction\":[{\"@type\":\"ReadAction\",\"target\":[\"https:\/\/haus-montana.ch\/fr\/appartements-a-louer\/\"]}]},{\"@type\":\"ImageObject\",\"inLanguage\":\"fr-FR\",\"@id\":\"https:\/\/haus-montana.ch\/fr\/appartements-a-louer\/#primaryimage\",\"url\":\"https:\/\/haus-montana.ch\/wp-content\/uploads\/haus-montana-muerren-haus-montana-web-029.jpg\",\"contentUrl\":\"https:\/\/haus-montana.ch\/wp-content\/uploads\/haus-montana-muerren-haus-montana-web-029.jpg\",\"width\":2000,\"height\":1333,\"caption\":\"Haus Montana M\u00fcrren\"},{\"@type\":\"BreadcrumbList\",\"@id\":\"https:\/\/haus-montana.ch\/fr\/appartements-a-louer\/#breadcrumb\",\"itemListElement\":[{\"@type\":\"ListItem\",\"position\":1,\"name\":\"Home\",\"item\":\"https:\/\/haus-montana.ch\/fr\/accueil\/\"},{\"@type\":\"ListItem\",\"position\":2,\"name\":\"Appartements \u00e0 louer\"}]},{\"@type\":\"WebSite\",\"@id\":\"https:\/\/haus-montana.ch\/fr\/#website\",\"url\":\"https:\/\/haus-montana.ch\/fr\/\",\"name\":\"GABRIEL DESIGN GmbH\",\"description\":\"\",\"publisher\":{\"@id\":\"https:\/\/haus-montana.ch\/fr\/#organization\"},\"potentialAction\":[{\"@type\":\"SearchAction\",\"target\":{\"@type\":\"EntryPoint\",\"urlTemplate\":\"https:\/\/haus-montana.ch\/fr\/?s={search_term_string}\"},\"query-input\":{\"@type\":\"PropertyValueSpecification\",\"valueRequired\":true,\"valueName\":\"search_term_string\"}}],\"inLanguage\":\"fr-FR\"},{\"@type\":\"Organization\",\"@id\":\"https:\/\/haus-montana.ch\/fr\/#organization\",\"name\":\"GABRIEL DESIGN GmbH\",\"url\":\"https:\/\/haus-montana.ch\/fr\/\",\"logo\":{\"@type\":\"ImageObject\",\"inLanguage\":\"fr-FR\",\"@id\":\"https:\/\/haus-montana.ch\/fr\/#\/schema\/logo\/image\/\",\"url\":\"https:\/\/haus-montana.ch\/wp-content\/uploads\/2017\/10\/gabriel-design-facebook-icon.png\",\"contentUrl\":\"https:\/\/haus-montana.ch\/wp-content\/uploads\/2017\/10\/gabriel-design-facebook-icon.png\",\"width\":3232,\"height\":3233,\"caption\":\"GABRIEL DESIGN GmbH\"},\"image\":{\"@id\":\"https:\/\/haus-montana.ch\/fr\/#\/schema\/logo\/image\/\"},\"sameAs\":[\"https:\/\/www.facebook.com\/gabrieldesign.swiss\",\"https:\/\/x.com\/GDswiss\",\"https:\/\/www.instagram.com\/gabrieldesign.swiss\/\",\"https:\/\/www.linkedin.com\/company\/gabrieldesign\/\"]}]}<\/script>\n<!-- \/ Yoast SEO plugin. -->","yoast_head_json":{"title":"Appartements \u00e0 louer - Haus Montana","robots":{"index":"index","follow":"follow","max-snippet":"max-snippet:-1","max-image-preview":"max-image-preview:large","max-video-preview":"max-video-preview:-1"},"canonical":"https:\/\/haus-montana.ch\/fr\/appartements-a-louer\/","og_locale":"fr_FR","og_type":"article","og_title":"Appartements \u00e0 louer - Haus Montana","og_description":"&nbsp; Am&eacute;nagement d&rsquo;int&eacute;rieur Les appartements de 1 \u00e0 4 pi\u00e8ces ont des am\u00e9nagements int\u00e9rieurs diff\u00e9rents, certains disposent d'un jardin d'hiver ou d'un balcon. Les jardins sont \u00e0 la disposition de tous les locataires.Une paysage de montagne&nbsp; apaisant Par beau temps, les appartements sont inond\u00e9s de soleil et impressionnent par leurs vues magnifiques sur la vall\u00e9e et la montagne.Il n'y a ... Read More","og_url":"https:\/\/haus-montana.ch\/fr\/appartements-a-louer\/","og_site_name":"Haus Montana","article_publisher":"https:\/\/www.facebook.com\/gabrieldesign.swiss","article_modified_time":"2025-04-10T12:56:14+00:00","og_image":[{"width":2000,"height":1333,"url":"https:\/\/haus-montana.ch\/wp-content\/uploads\/haus-montana-muerren-haus-montana-web-029.jpg","type":"image\/jpeg"}],"twitter_card":"summary_large_image","twitter_site":"@GDswiss","twitter_misc":{"Dur\u00e9e de lecture estim\u00e9e":"4 minutes"},"schema":{"@context":"https:\/\/schema.org","@graph":[{"@type":"WebPage","@id":"https:\/\/haus-montana.ch\/fr\/appartements-a-louer\/","url":"https:\/\/haus-montana.ch\/fr\/appartements-a-louer\/","name":"Appartements \u00e0 louer - Haus Montana","isPartOf":{"@id":"https:\/\/haus-montana.ch\/fr\/#website"},"primaryImageOfPage":{"@id":"https:\/\/haus-montana.ch\/fr\/appartements-a-louer\/#primaryimage"},"image":{"@id":"https:\/\/haus-montana.ch\/fr\/appartements-a-louer\/#primaryimage"},"thumbnailUrl":"https:\/\/haus-montana.ch\/wp-content\/uploads\/haus-montana-muerren-haus-montana-web-029.jpg","datePublished":"2023-02-07T10:05:19+00:00","dateModified":"2025-04-10T12:56:14+00:00","breadcrumb":{"@id":"https:\/\/haus-montana.ch\/fr\/appartements-a-louer\/#breadcrumb"},"inLanguage":"fr-FR","potentialAction":[{"@type":"ReadAction","target":["https:\/\/haus-montana.ch\/fr\/appartements-a-louer\/"]}]},{"@type":"ImageObject","inLanguage":"fr-FR","@id":"https:\/\/haus-montana.ch\/fr\/appartements-a-louer\/#primaryimage","url":"https:\/\/haus-montana.ch\/wp-content\/uploads\/haus-montana-muerren-haus-montana-web-029.jpg","contentUrl":"https:\/\/haus-montana.ch\/wp-content\/uploads\/haus-montana-muerren-haus-montana-web-029.jpg","width":2000,"height":1333,"caption":"Haus Montana M\u00fcrren"},{"@type":"BreadcrumbList","@id":"https:\/\/haus-montana.ch\/fr\/appartements-a-louer\/#breadcrumb","itemListElement":[{"@type":"ListItem","position":1,"name":"Home","item":"https:\/\/haus-montana.ch\/fr\/accueil\/"},{"@type":"ListItem","position":2,"name":"Appartements \u00e0 louer"}]},{"@type":"WebSite","@id":"https:\/\/haus-montana.ch\/fr\/#website","url":"https:\/\/haus-montana.ch\/fr\/","name":"GABRIEL DESIGN GmbH","description":"","publisher":{"@id":"https:\/\/haus-montana.ch\/fr\/#organization"},"potentialAction":[{"@type":"SearchAction","target":{"@type":"EntryPoint","urlTemplate":"https:\/\/haus-montana.ch\/fr\/?s={search_term_string}"},"query-input":{"@type":"PropertyValueSpecification","valueRequired":true,"valueName":"search_term_string"}}],"inLanguage":"fr-FR"},{"@type":"Organization","@id":"https:\/\/haus-montana.ch\/fr\/#organization","name":"GABRIEL DESIGN GmbH","url":"https:\/\/haus-montana.ch\/fr\/","logo":{"@type":"ImageObject","inLanguage":"fr-FR","@id":"https:\/\/haus-montana.ch\/fr\/#\/schema\/logo\/image\/","url":"https:\/\/haus-montana.ch\/wp-content\/uploads\/2017\/10\/gabriel-design-facebook-icon.png","contentUrl":"https:\/\/haus-montana.ch\/wp-content\/uploads\/2017\/10\/gabriel-design-facebook-icon.png","width":3232,"height":3233,"caption":"GABRIEL DESIGN GmbH"},"image":{"@id":"https:\/\/haus-montana.ch\/fr\/#\/schema\/logo\/image\/"},"sameAs":["https:\/\/www.facebook.com\/gabrieldesign.swiss","https:\/\/x.com\/GDswiss","https:\/\/www.instagram.com\/gabrieldesign.swiss\/","https:\/\/www.linkedin.com\/company\/gabrieldesign\/"]}]}},"_links":{"self":[{"href":"https:\/\/haus-montana.ch\/fr\/wp-json\/wp\/v2\/pages\/7424","targetHints":{"allow":["GET"]}}],"collection":[{"href":"https:\/\/haus-montana.ch\/fr\/wp-json\/wp\/v2\/pages"}],"about":[{"href":"https:\/\/haus-montana.ch\/fr\/wp-json\/wp\/v2\/types\/page"}],"author":[{"embeddable":true,"href":"https:\/\/haus-montana.ch\/fr\/wp-json\/wp\/v2\/users\/20"}],"replies":[{"embeddable":true,"href":"https:\/\/haus-montana.ch\/fr\/wp-json\/wp\/v2\/comments?post=7424"}],"version-history":[{"count":87,"href":"https:\/\/haus-montana.ch\/fr\/wp-json\/wp\/v2\/pages\/7424\/revisions"}],"predecessor-version":[{"id":9487,"href":"https:\/\/haus-montana.ch\/fr\/wp-json\/wp\/v2\/pages\/7424\/revisions\/9487"}],"wp:featuredmedia":[{"embeddable":true,"href":"https:\/\/haus-montana.ch\/fr\/wp-json\/wp\/v2\/media\/7352"}],"wp:attachment":[{"href":"https:\/\/haus-montana.ch\/fr\/wp-json\/wp\/v2\/media?parent=7424"}],"curies":[{"name":"wp","href":"https:\/\/api.w.org\/{rel}","templated":true}]}}