{"id":7485,"date":"2023-02-17T09:46:26","date_gmt":"2023-02-17T08:46:26","guid":{"rendered":"https:\/\/haus-montana.ch\/impressionen-franzoesisch\/"},"modified":"2023-08-04T19:14:53","modified_gmt":"2023-08-04T17:14:53","slug":"impressions","status":"publish","type":"page","link":"https:\/\/haus-montana.ch\/fr\/impressions\/","title":{"rendered":"Impressions"},"content":{"rendered":"<div id=\"cs-content\" class=\"cs-content\"><\/div>\n","protected":false},"excerpt":{"rendered":"<p>&nbsp; Kandahar Schuhe &#8211; fond\u00e9 1932 dans la Haus Montana \u00e0 M\u00fcrren Jusque dans les ann\u00e9es 1980, les chaussures Kandahar \u00e9taient vendues dans le magasin de la Haus Montana.Le village de montagne M\u00fcrren Rue inf\u00e9rieure du village recouverte de neige, invitant \u00e0 la fl\u00e2nerie &#8211; notamment parce que M\u00fcrren est interdit aux voitures.Fonte des neiges et r\u00e9veil du printemps ! &#8230; <a href=\"https:\/\/haus-montana.ch\/fr\/impressions\/\" class=\"more-link\">Read More<\/a><\/p>\n","protected":false},"author":20,"featured_media":7382,"parent":0,"menu_order":0,"comment_status":"closed","ping_status":"closed","template":"template-blank-4.php","meta":{"inline_featured_image":false,"iawp_total_views":5,"footnotes":""},"class_list":["post-7485","page","type-page","status-publish","has-post-thumbnail","hentry"],"yoast_head":"<!-- This site is optimized with the Yoast SEO plugin v27.2 - https:\/\/yoast.com\/product\/yoast-seo-wordpress\/ -->\n<title>Impressions - Haus Montana<\/title>\n<meta name=\"robots\" content=\"index, follow, max-snippet:-1, max-image-preview:large, max-video-preview:-1\" \/>\n<link rel=\"canonical\" href=\"https:\/\/haus-montana.ch\/fr\/impressions\/\" \/>\n<meta property=\"og:locale\" content=\"fr_FR\" \/>\n<meta property=\"og:type\" content=\"article\" \/>\n<meta property=\"og:title\" content=\"Impressions - Haus Montana\" \/>\n<meta property=\"og:description\" content=\"&nbsp; Kandahar Schuhe - fond\u00e9 1932 dans la Haus Montana \u00e0 M\u00fcrren Jusque dans les ann\u00e9es 1980, les chaussures Kandahar \u00e9taient vendues dans le magasin de la Haus Montana.Le village de montagne M\u00fcrren Rue inf\u00e9rieure du village recouverte de neige, invitant \u00e0 la fl\u00e2nerie - notamment parce que M\u00fcrren est interdit aux voitures.Fonte des neiges et r\u00e9veil du printemps ! ... Read More\" \/>\n<meta property=\"og:url\" content=\"https:\/\/haus-montana.ch\/fr\/impressions\/\" \/>\n<meta property=\"og:site_name\" content=\"Haus Montana\" \/>\n<meta property=\"article:publisher\" content=\"https:\/\/www.facebook.com\/gabrieldesign.swiss\" \/>\n<meta property=\"article:modified_time\" content=\"2023-08-04T17:14:53+00:00\" \/>\n<meta property=\"og:image\" content=\"https:\/\/haus-montana.ch\/wp-content\/uploads\/haus-montana-impressionen-05.jpg\" \/>\n\t<meta property=\"og:image:width\" content=\"2000\" \/>\n\t<meta property=\"og:image:height\" content=\"1500\" \/>\n\t<meta property=\"og:image:type\" content=\"image\/jpeg\" \/>\n<meta name=\"twitter:card\" content=\"summary_large_image\" \/>\n<meta name=\"twitter:site\" content=\"@GDswiss\" \/>\n<meta name=\"twitter:label1\" content=\"Dur\u00e9e de lecture estim\u00e9e\" \/>\n\t<meta name=\"twitter:data1\" content=\"3 minutes\" \/>\n<script type=\"application\/ld+json\" class=\"yoast-schema-graph\">{\"@context\":\"https:\/\/schema.org\",\"@graph\":[{\"@type\":\"WebPage\",\"@id\":\"https:\/\/haus-montana.ch\/fr\/impressions\/\",\"url\":\"https:\/\/haus-montana.ch\/fr\/impressions\/\",\"name\":\"Impressions - Haus Montana\",\"isPartOf\":{\"@id\":\"https:\/\/haus-montana.ch\/fr\/#website\"},\"primaryImageOfPage\":{\"@id\":\"https:\/\/haus-montana.ch\/fr\/impressions\/#primaryimage\"},\"image\":{\"@id\":\"https:\/\/haus-montana.ch\/fr\/impressions\/#primaryimage\"},\"thumbnailUrl\":\"https:\/\/haus-montana.ch\/wp-content\/uploads\/haus-montana-impressionen-05.jpg\",\"datePublished\":\"2023-02-17T08:46:26+00:00\",\"dateModified\":\"2023-08-04T17:14:53+00:00\",\"breadcrumb\":{\"@id\":\"https:\/\/haus-montana.ch\/fr\/impressions\/#breadcrumb\"},\"inLanguage\":\"fr-FR\",\"potentialAction\":[{\"@type\":\"ReadAction\",\"target\":[\"https:\/\/haus-montana.ch\/fr\/impressions\/\"]}]},{\"@type\":\"ImageObject\",\"inLanguage\":\"fr-FR\",\"@id\":\"https:\/\/haus-montana.ch\/fr\/impressions\/#primaryimage\",\"url\":\"https:\/\/haus-montana.ch\/wp-content\/uploads\/haus-montana-impressionen-05.jpg\",\"contentUrl\":\"https:\/\/haus-montana.ch\/wp-content\/uploads\/haus-montana-impressionen-05.jpg\",\"width\":2000,\"height\":1500},{\"@type\":\"BreadcrumbList\",\"@id\":\"https:\/\/haus-montana.ch\/fr\/impressions\/#breadcrumb\",\"itemListElement\":[{\"@type\":\"ListItem\",\"position\":1,\"name\":\"Home\",\"item\":\"https:\/\/haus-montana.ch\/fr\/accueil\/\"},{\"@type\":\"ListItem\",\"position\":2,\"name\":\"Impressions\"}]},{\"@type\":\"WebSite\",\"@id\":\"https:\/\/haus-montana.ch\/fr\/#website\",\"url\":\"https:\/\/haus-montana.ch\/fr\/\",\"name\":\"GABRIEL DESIGN GmbH\",\"description\":\"\",\"publisher\":{\"@id\":\"https:\/\/haus-montana.ch\/fr\/#organization\"},\"potentialAction\":[{\"@type\":\"SearchAction\",\"target\":{\"@type\":\"EntryPoint\",\"urlTemplate\":\"https:\/\/haus-montana.ch\/fr\/?s={search_term_string}\"},\"query-input\":{\"@type\":\"PropertyValueSpecification\",\"valueRequired\":true,\"valueName\":\"search_term_string\"}}],\"inLanguage\":\"fr-FR\"},{\"@type\":\"Organization\",\"@id\":\"https:\/\/haus-montana.ch\/fr\/#organization\",\"name\":\"GABRIEL DESIGN GmbH\",\"url\":\"https:\/\/haus-montana.ch\/fr\/\",\"logo\":{\"@type\":\"ImageObject\",\"inLanguage\":\"fr-FR\",\"@id\":\"https:\/\/haus-montana.ch\/fr\/#\/schema\/logo\/image\/\",\"url\":\"https:\/\/haus-montana.ch\/wp-content\/uploads\/2017\/10\/gabriel-design-facebook-icon.png\",\"contentUrl\":\"https:\/\/haus-montana.ch\/wp-content\/uploads\/2017\/10\/gabriel-design-facebook-icon.png\",\"width\":3232,\"height\":3233,\"caption\":\"GABRIEL DESIGN GmbH\"},\"image\":{\"@id\":\"https:\/\/haus-montana.ch\/fr\/#\/schema\/logo\/image\/\"},\"sameAs\":[\"https:\/\/www.facebook.com\/gabrieldesign.swiss\",\"https:\/\/x.com\/GDswiss\",\"https:\/\/www.instagram.com\/gabrieldesign.swiss\/\",\"https:\/\/www.linkedin.com\/company\/gabrieldesign\/\"]}]}<\/script>\n<!-- \/ Yoast SEO plugin. -->","yoast_head_json":{"title":"Impressions - Haus Montana","robots":{"index":"index","follow":"follow","max-snippet":"max-snippet:-1","max-image-preview":"max-image-preview:large","max-video-preview":"max-video-preview:-1"},"canonical":"https:\/\/haus-montana.ch\/fr\/impressions\/","og_locale":"fr_FR","og_type":"article","og_title":"Impressions - Haus Montana","og_description":"&nbsp; Kandahar Schuhe - fond\u00e9 1932 dans la Haus Montana \u00e0 M\u00fcrren Jusque dans les ann\u00e9es 1980, les chaussures Kandahar \u00e9taient vendues dans le magasin de la Haus Montana.Le village de montagne M\u00fcrren Rue inf\u00e9rieure du village recouverte de neige, invitant \u00e0 la fl\u00e2nerie - notamment parce que M\u00fcrren est interdit aux voitures.Fonte des neiges et r\u00e9veil du printemps ! ... Read More","og_url":"https:\/\/haus-montana.ch\/fr\/impressions\/","og_site_name":"Haus Montana","article_publisher":"https:\/\/www.facebook.com\/gabrieldesign.swiss","article_modified_time":"2023-08-04T17:14:53+00:00","og_image":[{"width":2000,"height":1500,"url":"https:\/\/haus-montana.ch\/wp-content\/uploads\/haus-montana-impressionen-05.jpg","type":"image\/jpeg"}],"twitter_card":"summary_large_image","twitter_site":"@GDswiss","twitter_misc":{"Dur\u00e9e de lecture estim\u00e9e":"3 minutes"},"schema":{"@context":"https:\/\/schema.org","@graph":[{"@type":"WebPage","@id":"https:\/\/haus-montana.ch\/fr\/impressions\/","url":"https:\/\/haus-montana.ch\/fr\/impressions\/","name":"Impressions - Haus Montana","isPartOf":{"@id":"https:\/\/haus-montana.ch\/fr\/#website"},"primaryImageOfPage":{"@id":"https:\/\/haus-montana.ch\/fr\/impressions\/#primaryimage"},"image":{"@id":"https:\/\/haus-montana.ch\/fr\/impressions\/#primaryimage"},"thumbnailUrl":"https:\/\/haus-montana.ch\/wp-content\/uploads\/haus-montana-impressionen-05.jpg","datePublished":"2023-02-17T08:46:26+00:00","dateModified":"2023-08-04T17:14:53+00:00","breadcrumb":{"@id":"https:\/\/haus-montana.ch\/fr\/impressions\/#breadcrumb"},"inLanguage":"fr-FR","potentialAction":[{"@type":"ReadAction","target":["https:\/\/haus-montana.ch\/fr\/impressions\/"]}]},{"@type":"ImageObject","inLanguage":"fr-FR","@id":"https:\/\/haus-montana.ch\/fr\/impressions\/#primaryimage","url":"https:\/\/haus-montana.ch\/wp-content\/uploads\/haus-montana-impressionen-05.jpg","contentUrl":"https:\/\/haus-montana.ch\/wp-content\/uploads\/haus-montana-impressionen-05.jpg","width":2000,"height":1500},{"@type":"BreadcrumbList","@id":"https:\/\/haus-montana.ch\/fr\/impressions\/#breadcrumb","itemListElement":[{"@type":"ListItem","position":1,"name":"Home","item":"https:\/\/haus-montana.ch\/fr\/accueil\/"},{"@type":"ListItem","position":2,"name":"Impressions"}]},{"@type":"WebSite","@id":"https:\/\/haus-montana.ch\/fr\/#website","url":"https:\/\/haus-montana.ch\/fr\/","name":"GABRIEL DESIGN GmbH","description":"","publisher":{"@id":"https:\/\/haus-montana.ch\/fr\/#organization"},"potentialAction":[{"@type":"SearchAction","target":{"@type":"EntryPoint","urlTemplate":"https:\/\/haus-montana.ch\/fr\/?s={search_term_string}"},"query-input":{"@type":"PropertyValueSpecification","valueRequired":true,"valueName":"search_term_string"}}],"inLanguage":"fr-FR"},{"@type":"Organization","@id":"https:\/\/haus-montana.ch\/fr\/#organization","name":"GABRIEL DESIGN GmbH","url":"https:\/\/haus-montana.ch\/fr\/","logo":{"@type":"ImageObject","inLanguage":"fr-FR","@id":"https:\/\/haus-montana.ch\/fr\/#\/schema\/logo\/image\/","url":"https:\/\/haus-montana.ch\/wp-content\/uploads\/2017\/10\/gabriel-design-facebook-icon.png","contentUrl":"https:\/\/haus-montana.ch\/wp-content\/uploads\/2017\/10\/gabriel-design-facebook-icon.png","width":3232,"height":3233,"caption":"GABRIEL DESIGN GmbH"},"image":{"@id":"https:\/\/haus-montana.ch\/fr\/#\/schema\/logo\/image\/"},"sameAs":["https:\/\/www.facebook.com\/gabrieldesign.swiss","https:\/\/x.com\/GDswiss","https:\/\/www.instagram.com\/gabrieldesign.swiss\/","https:\/\/www.linkedin.com\/company\/gabrieldesign\/"]}]}},"_links":{"self":[{"href":"https:\/\/haus-montana.ch\/fr\/wp-json\/wp\/v2\/pages\/7485","targetHints":{"allow":["GET"]}}],"collection":[{"href":"https:\/\/haus-montana.ch\/fr\/wp-json\/wp\/v2\/pages"}],"about":[{"href":"https:\/\/haus-montana.ch\/fr\/wp-json\/wp\/v2\/types\/page"}],"author":[{"embeddable":true,"href":"https:\/\/haus-montana.ch\/fr\/wp-json\/wp\/v2\/users\/20"}],"replies":[{"embeddable":true,"href":"https:\/\/haus-montana.ch\/fr\/wp-json\/wp\/v2\/comments?post=7485"}],"version-history":[{"count":31,"href":"https:\/\/haus-montana.ch\/fr\/wp-json\/wp\/v2\/pages\/7485\/revisions"}],"predecessor-version":[{"id":8249,"href":"https:\/\/haus-montana.ch\/fr\/wp-json\/wp\/v2\/pages\/7485\/revisions\/8249"}],"wp:featuredmedia":[{"embeddable":true,"href":"https:\/\/haus-montana.ch\/fr\/wp-json\/wp\/v2\/media\/7382"}],"wp:attachment":[{"href":"https:\/\/haus-montana.ch\/fr\/wp-json\/wp\/v2\/media?parent=7485"}],"curies":[{"name":"wp","href":"https:\/\/api.w.org\/{rel}","templated":true}]}}