{"id":7734,"date":"2023-02-17T14:40:55","date_gmt":"2023-02-17T13:40:55","guid":{"rendered":"https:\/\/haus-montana.ch\/anreise-lageplan-franzoesisch\/"},"modified":"2023-03-07T19:04:24","modified_gmt":"2023-03-07T18:04:24","slug":"acces-et-plan-de-situation","status":"publish","type":"page","link":"https:\/\/haus-montana.ch\/fr\/acces-et-plan-de-situation\/","title":{"rendered":"Acc\u00e8s &#038; plan de situation"},"content":{"rendered":"<div id=\"cs-content\" class=\"cs-content\"><\/div>\n","protected":false},"excerpt":{"rendered":"<p>&nbsp; Le village de montagne de M\u00fcrren, interdit aux voitures, est situ\u00e9 dans la vall\u00e9e de Lauterbrunnen \u00e0 1650 m\u00e8tres d&rsquo;altitude. Vous pouvez rejoindre le village M\u00fcrren de Lauterbrunnen avec le train de montagne BLM ou de Stechelberg avec le t\u00e9l\u00e9ph\u00e9rique du Schilthornbahn.Arriv\u00e9e en train De Berne via Thoune et Spiez \u00e0 Interlaken Ost. Changement de train \u00e0 voie \u00e9troite &#8230; <a href=\"https:\/\/haus-montana.ch\/fr\/acces-et-plan-de-situation\/\" class=\"more-link\">Read More<\/a><\/p>\n","protected":false},"author":20,"featured_media":7308,"parent":0,"menu_order":0,"comment_status":"closed","ping_status":"closed","template":"template-blank-4.php","meta":{"inline_featured_image":false,"iawp_total_views":5,"footnotes":""},"class_list":["post-7734","page","type-page","status-publish","has-post-thumbnail","hentry"],"yoast_head":"<!-- This site is optimized with the Yoast SEO plugin v27.2 - https:\/\/yoast.com\/product\/yoast-seo-wordpress\/ -->\n<title>Acc\u00e8s &amp; plan de situation - Haus Montana<\/title>\n<meta name=\"robots\" content=\"index, follow, max-snippet:-1, max-image-preview:large, max-video-preview:-1\" \/>\n<link rel=\"canonical\" href=\"https:\/\/haus-montana.ch\/fr\/acces-et-plan-de-situation\/\" \/>\n<meta property=\"og:locale\" content=\"fr_FR\" \/>\n<meta property=\"og:type\" content=\"article\" \/>\n<meta property=\"og:title\" content=\"Acc\u00e8s &amp; plan de situation - Haus Montana\" \/>\n<meta property=\"og:description\" content=\"&nbsp; Le village de montagne de M\u00fcrren, interdit aux voitures, est situ\u00e9 dans la vall\u00e9e de Lauterbrunnen \u00e0 1650 m\u00e8tres d&#039;altitude. Vous pouvez rejoindre le village M\u00fcrren de Lauterbrunnen avec le train de montagne BLM ou de Stechelberg avec le t\u00e9l\u00e9ph\u00e9rique du Schilthornbahn.Arriv\u00e9e en train De Berne via Thoune et Spiez \u00e0 Interlaken Ost. Changement de train \u00e0 voie \u00e9troite ... Read More\" \/>\n<meta property=\"og:url\" content=\"https:\/\/haus-montana.ch\/fr\/acces-et-plan-de-situation\/\" \/>\n<meta property=\"og:site_name\" content=\"Haus Montana\" \/>\n<meta property=\"article:publisher\" content=\"https:\/\/www.facebook.com\/gabrieldesign.swiss\" \/>\n<meta property=\"article:modified_time\" content=\"2023-03-07T18:04:24+00:00\" \/>\n<meta property=\"og:image\" content=\"https:\/\/haus-montana.ch\/wp-content\/uploads\/haus-montana-muerren-haus-montana-web-007.jpg\" \/>\n\t<meta property=\"og:image:width\" content=\"2000\" \/>\n\t<meta property=\"og:image:height\" content=\"1333\" \/>\n\t<meta property=\"og:image:type\" content=\"image\/jpeg\" \/>\n<meta name=\"twitter:card\" content=\"summary_large_image\" \/>\n<meta name=\"twitter:site\" content=\"@GDswiss\" \/>\n<meta name=\"twitter:label1\" content=\"Dur\u00e9e de lecture estim\u00e9e\" \/>\n\t<meta name=\"twitter:data1\" content=\"3 minutes\" \/>\n<script type=\"application\/ld+json\" class=\"yoast-schema-graph\">{\"@context\":\"https:\/\/schema.org\",\"@graph\":[{\"@type\":\"WebPage\",\"@id\":\"https:\/\/haus-montana.ch\/fr\/acces-et-plan-de-situation\/\",\"url\":\"https:\/\/haus-montana.ch\/fr\/acces-et-plan-de-situation\/\",\"name\":\"Acc\u00e8s & plan de situation - Haus Montana\",\"isPartOf\":{\"@id\":\"https:\/\/haus-montana.ch\/fr\/#website\"},\"primaryImageOfPage\":{\"@id\":\"https:\/\/haus-montana.ch\/fr\/acces-et-plan-de-situation\/#primaryimage\"},\"image\":{\"@id\":\"https:\/\/haus-montana.ch\/fr\/acces-et-plan-de-situation\/#primaryimage\"},\"thumbnailUrl\":\"https:\/\/haus-montana.ch\/wp-content\/uploads\/haus-montana-muerren-haus-montana-web-007.jpg\",\"datePublished\":\"2023-02-17T13:40:55+00:00\",\"dateModified\":\"2023-03-07T18:04:24+00:00\",\"breadcrumb\":{\"@id\":\"https:\/\/haus-montana.ch\/fr\/acces-et-plan-de-situation\/#breadcrumb\"},\"inLanguage\":\"fr-FR\",\"potentialAction\":[{\"@type\":\"ReadAction\",\"target\":[\"https:\/\/haus-montana.ch\/fr\/acces-et-plan-de-situation\/\"]}]},{\"@type\":\"ImageObject\",\"inLanguage\":\"fr-FR\",\"@id\":\"https:\/\/haus-montana.ch\/fr\/acces-et-plan-de-situation\/#primaryimage\",\"url\":\"https:\/\/haus-montana.ch\/wp-content\/uploads\/haus-montana-muerren-haus-montana-web-007.jpg\",\"contentUrl\":\"https:\/\/haus-montana.ch\/wp-content\/uploads\/haus-montana-muerren-haus-montana-web-007.jpg\",\"width\":2000,\"height\":1333,\"caption\":\"Fotografien vom 9. Juli 2022\"},{\"@type\":\"BreadcrumbList\",\"@id\":\"https:\/\/haus-montana.ch\/fr\/acces-et-plan-de-situation\/#breadcrumb\",\"itemListElement\":[{\"@type\":\"ListItem\",\"position\":1,\"name\":\"Home\",\"item\":\"https:\/\/haus-montana.ch\/fr\/accueil\/\"},{\"@type\":\"ListItem\",\"position\":2,\"name\":\"Acc\u00e8s &#038; plan de situation\"}]},{\"@type\":\"WebSite\",\"@id\":\"https:\/\/haus-montana.ch\/fr\/#website\",\"url\":\"https:\/\/haus-montana.ch\/fr\/\",\"name\":\"GABRIEL DESIGN GmbH\",\"description\":\"\",\"publisher\":{\"@id\":\"https:\/\/haus-montana.ch\/fr\/#organization\"},\"potentialAction\":[{\"@type\":\"SearchAction\",\"target\":{\"@type\":\"EntryPoint\",\"urlTemplate\":\"https:\/\/haus-montana.ch\/fr\/?s={search_term_string}\"},\"query-input\":{\"@type\":\"PropertyValueSpecification\",\"valueRequired\":true,\"valueName\":\"search_term_string\"}}],\"inLanguage\":\"fr-FR\"},{\"@type\":\"Organization\",\"@id\":\"https:\/\/haus-montana.ch\/fr\/#organization\",\"name\":\"GABRIEL DESIGN GmbH\",\"url\":\"https:\/\/haus-montana.ch\/fr\/\",\"logo\":{\"@type\":\"ImageObject\",\"inLanguage\":\"fr-FR\",\"@id\":\"https:\/\/haus-montana.ch\/fr\/#\/schema\/logo\/image\/\",\"url\":\"https:\/\/haus-montana.ch\/wp-content\/uploads\/2017\/10\/gabriel-design-facebook-icon.png\",\"contentUrl\":\"https:\/\/haus-montana.ch\/wp-content\/uploads\/2017\/10\/gabriel-design-facebook-icon.png\",\"width\":3232,\"height\":3233,\"caption\":\"GABRIEL DESIGN GmbH\"},\"image\":{\"@id\":\"https:\/\/haus-montana.ch\/fr\/#\/schema\/logo\/image\/\"},\"sameAs\":[\"https:\/\/www.facebook.com\/gabrieldesign.swiss\",\"https:\/\/x.com\/GDswiss\",\"https:\/\/www.instagram.com\/gabrieldesign.swiss\/\",\"https:\/\/www.linkedin.com\/company\/gabrieldesign\/\"]}]}<\/script>\n<!-- \/ Yoast SEO plugin. -->","yoast_head_json":{"title":"Acc\u00e8s & plan de situation - Haus Montana","robots":{"index":"index","follow":"follow","max-snippet":"max-snippet:-1","max-image-preview":"max-image-preview:large","max-video-preview":"max-video-preview:-1"},"canonical":"https:\/\/haus-montana.ch\/fr\/acces-et-plan-de-situation\/","og_locale":"fr_FR","og_type":"article","og_title":"Acc\u00e8s & plan de situation - Haus Montana","og_description":"&nbsp; Le village de montagne de M\u00fcrren, interdit aux voitures, est situ\u00e9 dans la vall\u00e9e de Lauterbrunnen \u00e0 1650 m\u00e8tres d'altitude. Vous pouvez rejoindre le village M\u00fcrren de Lauterbrunnen avec le train de montagne BLM ou de Stechelberg avec le t\u00e9l\u00e9ph\u00e9rique du Schilthornbahn.Arriv\u00e9e en train De Berne via Thoune et Spiez \u00e0 Interlaken Ost. Changement de train \u00e0 voie \u00e9troite ... Read More","og_url":"https:\/\/haus-montana.ch\/fr\/acces-et-plan-de-situation\/","og_site_name":"Haus Montana","article_publisher":"https:\/\/www.facebook.com\/gabrieldesign.swiss","article_modified_time":"2023-03-07T18:04:24+00:00","og_image":[{"width":2000,"height":1333,"url":"https:\/\/haus-montana.ch\/wp-content\/uploads\/haus-montana-muerren-haus-montana-web-007.jpg","type":"image\/jpeg"}],"twitter_card":"summary_large_image","twitter_site":"@GDswiss","twitter_misc":{"Dur\u00e9e de lecture estim\u00e9e":"3 minutes"},"schema":{"@context":"https:\/\/schema.org","@graph":[{"@type":"WebPage","@id":"https:\/\/haus-montana.ch\/fr\/acces-et-plan-de-situation\/","url":"https:\/\/haus-montana.ch\/fr\/acces-et-plan-de-situation\/","name":"Acc\u00e8s & plan de situation - Haus Montana","isPartOf":{"@id":"https:\/\/haus-montana.ch\/fr\/#website"},"primaryImageOfPage":{"@id":"https:\/\/haus-montana.ch\/fr\/acces-et-plan-de-situation\/#primaryimage"},"image":{"@id":"https:\/\/haus-montana.ch\/fr\/acces-et-plan-de-situation\/#primaryimage"},"thumbnailUrl":"https:\/\/haus-montana.ch\/wp-content\/uploads\/haus-montana-muerren-haus-montana-web-007.jpg","datePublished":"2023-02-17T13:40:55+00:00","dateModified":"2023-03-07T18:04:24+00:00","breadcrumb":{"@id":"https:\/\/haus-montana.ch\/fr\/acces-et-plan-de-situation\/#breadcrumb"},"inLanguage":"fr-FR","potentialAction":[{"@type":"ReadAction","target":["https:\/\/haus-montana.ch\/fr\/acces-et-plan-de-situation\/"]}]},{"@type":"ImageObject","inLanguage":"fr-FR","@id":"https:\/\/haus-montana.ch\/fr\/acces-et-plan-de-situation\/#primaryimage","url":"https:\/\/haus-montana.ch\/wp-content\/uploads\/haus-montana-muerren-haus-montana-web-007.jpg","contentUrl":"https:\/\/haus-montana.ch\/wp-content\/uploads\/haus-montana-muerren-haus-montana-web-007.jpg","width":2000,"height":1333,"caption":"Fotografien vom 9. Juli 2022"},{"@type":"BreadcrumbList","@id":"https:\/\/haus-montana.ch\/fr\/acces-et-plan-de-situation\/#breadcrumb","itemListElement":[{"@type":"ListItem","position":1,"name":"Home","item":"https:\/\/haus-montana.ch\/fr\/accueil\/"},{"@type":"ListItem","position":2,"name":"Acc\u00e8s &#038; plan de situation"}]},{"@type":"WebSite","@id":"https:\/\/haus-montana.ch\/fr\/#website","url":"https:\/\/haus-montana.ch\/fr\/","name":"GABRIEL DESIGN GmbH","description":"","publisher":{"@id":"https:\/\/haus-montana.ch\/fr\/#organization"},"potentialAction":[{"@type":"SearchAction","target":{"@type":"EntryPoint","urlTemplate":"https:\/\/haus-montana.ch\/fr\/?s={search_term_string}"},"query-input":{"@type":"PropertyValueSpecification","valueRequired":true,"valueName":"search_term_string"}}],"inLanguage":"fr-FR"},{"@type":"Organization","@id":"https:\/\/haus-montana.ch\/fr\/#organization","name":"GABRIEL DESIGN GmbH","url":"https:\/\/haus-montana.ch\/fr\/","logo":{"@type":"ImageObject","inLanguage":"fr-FR","@id":"https:\/\/haus-montana.ch\/fr\/#\/schema\/logo\/image\/","url":"https:\/\/haus-montana.ch\/wp-content\/uploads\/2017\/10\/gabriel-design-facebook-icon.png","contentUrl":"https:\/\/haus-montana.ch\/wp-content\/uploads\/2017\/10\/gabriel-design-facebook-icon.png","width":3232,"height":3233,"caption":"GABRIEL DESIGN GmbH"},"image":{"@id":"https:\/\/haus-montana.ch\/fr\/#\/schema\/logo\/image\/"},"sameAs":["https:\/\/www.facebook.com\/gabrieldesign.swiss","https:\/\/x.com\/GDswiss","https:\/\/www.instagram.com\/gabrieldesign.swiss\/","https:\/\/www.linkedin.com\/company\/gabrieldesign\/"]}]}},"_links":{"self":[{"href":"https:\/\/haus-montana.ch\/fr\/wp-json\/wp\/v2\/pages\/7734","targetHints":{"allow":["GET"]}}],"collection":[{"href":"https:\/\/haus-montana.ch\/fr\/wp-json\/wp\/v2\/pages"}],"about":[{"href":"https:\/\/haus-montana.ch\/fr\/wp-json\/wp\/v2\/types\/page"}],"author":[{"embeddable":true,"href":"https:\/\/haus-montana.ch\/fr\/wp-json\/wp\/v2\/users\/20"}],"replies":[{"embeddable":true,"href":"https:\/\/haus-montana.ch\/fr\/wp-json\/wp\/v2\/comments?post=7734"}],"version-history":[{"count":20,"href":"https:\/\/haus-montana.ch\/fr\/wp-json\/wp\/v2\/pages\/7734\/revisions"}],"predecessor-version":[{"id":8244,"href":"https:\/\/haus-montana.ch\/fr\/wp-json\/wp\/v2\/pages\/7734\/revisions\/8244"}],"wp:featuredmedia":[{"embeddable":true,"href":"https:\/\/haus-montana.ch\/fr\/wp-json\/wp\/v2\/media\/7308"}],"wp:attachment":[{"href":"https:\/\/haus-montana.ch\/fr\/wp-json\/wp\/v2\/media?parent=7734"}],"curies":[{"name":"wp","href":"https:\/\/api.w.org\/{rel}","templated":true}]}}