{"id":8045,"date":"2023-02-24T15:28:56","date_gmt":"2023-02-24T14:28:56","guid":{"rendered":"https:\/\/haus-montana.ch\/datenschutzerklaerung-franzoesisch\/"},"modified":"2023-03-06T11:32:11","modified_gmt":"2023-03-06T10:32:11","slug":"declaration-de-confidentialite","status":"publish","type":"page","link":"https:\/\/haus-montana.ch\/fr\/declaration-de-confidentialite\/","title":{"rendered":"D\u00e9claration de confidentialit\u00e9"},"content":{"rendered":"<div id=\"cs-content\" class=\"cs-content\"><\/div>\n","protected":false},"excerpt":{"rendered":"<p>&nbsp; Responsable Nicole von Allmen Adresse: Nicole von Allmen, Grossweidweg 7, 3074 Muri bei Bern Haus Montana, CH-3825 M\u00fcrren Tel: 033 855 28 28 | E-Mail: info@haus-montana.chProtection de votre vie priv\u00e9e En vertu de l&rsquo;article 13 de la Constitution f\u00e9d\u00e9rale suisse et des dispositions f\u00e9d\u00e9rales relatives \u00e0 la protection des donn\u00e9es (loi sur la protection des donn\u00e9es, LPD), toute personne &#8230; <a href=\"https:\/\/haus-montana.ch\/fr\/declaration-de-confidentialite\/\" class=\"more-link\">Read More<\/a><\/p>\n","protected":false},"author":20,"featured_media":7354,"parent":0,"menu_order":0,"comment_status":"closed","ping_status":"closed","template":"template-blank-4.php","meta":{"inline_featured_image":false,"iawp_total_views":2,"footnotes":""},"class_list":["post-8045","page","type-page","status-publish","has-post-thumbnail","hentry"],"yoast_head":"<!-- This site is optimized with the Yoast SEO plugin v27.2 - https:\/\/yoast.com\/product\/yoast-seo-wordpress\/ -->\n<title>D\u00e9claration de confidentialit\u00e9 - Haus Montana<\/title>\n<meta name=\"robots\" content=\"index, follow, max-snippet:-1, max-image-preview:large, max-video-preview:-1\" \/>\n<link rel=\"canonical\" href=\"https:\/\/haus-montana.ch\/fr\/declaration-de-confidentialite\/\" \/>\n<meta property=\"og:locale\" content=\"fr_FR\" \/>\n<meta property=\"og:type\" content=\"article\" \/>\n<meta property=\"og:title\" content=\"D\u00e9claration de confidentialit\u00e9 - Haus Montana\" \/>\n<meta property=\"og:description\" content=\"&nbsp; Responsable Nicole von Allmen Adresse: Nicole von Allmen, Grossweidweg 7, 3074 Muri bei Bern Haus Montana, CH-3825 M\u00fcrren Tel: 033 855 28 28 | E-Mail: info@haus-montana.chProtection de votre vie priv\u00e9e En vertu de l&#039;article 13 de la Constitution f\u00e9d\u00e9rale suisse et des dispositions f\u00e9d\u00e9rales relatives \u00e0 la protection des donn\u00e9es (loi sur la protection des donn\u00e9es, LPD), toute personne ... Read More\" \/>\n<meta property=\"og:url\" content=\"https:\/\/haus-montana.ch\/fr\/declaration-de-confidentialite\/\" \/>\n<meta property=\"og:site_name\" content=\"Haus Montana\" \/>\n<meta property=\"article:publisher\" content=\"https:\/\/www.facebook.com\/gabrieldesign.swiss\" \/>\n<meta property=\"article:modified_time\" content=\"2023-03-06T10:32:11+00:00\" \/>\n<meta property=\"og:image\" content=\"https:\/\/haus-montana.ch\/wp-content\/uploads\/haus-montana-muerren-haus-montana-web-030.jpg\" \/>\n\t<meta property=\"og:image:width\" content=\"2000\" \/>\n\t<meta property=\"og:image:height\" content=\"1333\" \/>\n\t<meta property=\"og:image:type\" content=\"image\/jpeg\" \/>\n<meta name=\"twitter:card\" content=\"summary_large_image\" \/>\n<meta name=\"twitter:site\" content=\"@GDswiss\" \/>\n<meta name=\"twitter:label1\" content=\"Dur\u00e9e de lecture estim\u00e9e\" \/>\n\t<meta name=\"twitter:data1\" content=\"9 minutes\" \/>\n<script type=\"application\/ld+json\" class=\"yoast-schema-graph\">{\"@context\":\"https:\/\/schema.org\",\"@graph\":[{\"@type\":\"WebPage\",\"@id\":\"https:\/\/haus-montana.ch\/fr\/declaration-de-confidentialite\/\",\"url\":\"https:\/\/haus-montana.ch\/fr\/declaration-de-confidentialite\/\",\"name\":\"D\u00e9claration de confidentialit\u00e9 - Haus Montana\",\"isPartOf\":{\"@id\":\"https:\/\/haus-montana.ch\/fr\/#website\"},\"primaryImageOfPage\":{\"@id\":\"https:\/\/haus-montana.ch\/fr\/declaration-de-confidentialite\/#primaryimage\"},\"image\":{\"@id\":\"https:\/\/haus-montana.ch\/fr\/declaration-de-confidentialite\/#primaryimage\"},\"thumbnailUrl\":\"https:\/\/haus-montana.ch\/wp-content\/uploads\/haus-montana-muerren-haus-montana-web-030.jpg\",\"datePublished\":\"2023-02-24T14:28:56+00:00\",\"dateModified\":\"2023-03-06T10:32:11+00:00\",\"breadcrumb\":{\"@id\":\"https:\/\/haus-montana.ch\/fr\/declaration-de-confidentialite\/#breadcrumb\"},\"inLanguage\":\"fr-FR\",\"potentialAction\":[{\"@type\":\"ReadAction\",\"target\":[\"https:\/\/haus-montana.ch\/fr\/declaration-de-confidentialite\/\"]}]},{\"@type\":\"ImageObject\",\"inLanguage\":\"fr-FR\",\"@id\":\"https:\/\/haus-montana.ch\/fr\/declaration-de-confidentialite\/#primaryimage\",\"url\":\"https:\/\/haus-montana.ch\/wp-content\/uploads\/haus-montana-muerren-haus-montana-web-030.jpg\",\"contentUrl\":\"https:\/\/haus-montana.ch\/wp-content\/uploads\/haus-montana-muerren-haus-montana-web-030.jpg\",\"width\":2000,\"height\":1333,\"caption\":\"Fotografien vom 9. Juli 2022\"},{\"@type\":\"BreadcrumbList\",\"@id\":\"https:\/\/haus-montana.ch\/fr\/declaration-de-confidentialite\/#breadcrumb\",\"itemListElement\":[{\"@type\":\"ListItem\",\"position\":1,\"name\":\"Home\",\"item\":\"https:\/\/haus-montana.ch\/fr\/accueil\/\"},{\"@type\":\"ListItem\",\"position\":2,\"name\":\"D\u00e9claration de confidentialit\u00e9\"}]},{\"@type\":\"WebSite\",\"@id\":\"https:\/\/haus-montana.ch\/fr\/#website\",\"url\":\"https:\/\/haus-montana.ch\/fr\/\",\"name\":\"GABRIEL DESIGN GmbH\",\"description\":\"\",\"publisher\":{\"@id\":\"https:\/\/haus-montana.ch\/fr\/#organization\"},\"potentialAction\":[{\"@type\":\"SearchAction\",\"target\":{\"@type\":\"EntryPoint\",\"urlTemplate\":\"https:\/\/haus-montana.ch\/fr\/?s={search_term_string}\"},\"query-input\":{\"@type\":\"PropertyValueSpecification\",\"valueRequired\":true,\"valueName\":\"search_term_string\"}}],\"inLanguage\":\"fr-FR\"},{\"@type\":\"Organization\",\"@id\":\"https:\/\/haus-montana.ch\/fr\/#organization\",\"name\":\"GABRIEL DESIGN GmbH\",\"url\":\"https:\/\/haus-montana.ch\/fr\/\",\"logo\":{\"@type\":\"ImageObject\",\"inLanguage\":\"fr-FR\",\"@id\":\"https:\/\/haus-montana.ch\/fr\/#\/schema\/logo\/image\/\",\"url\":\"https:\/\/haus-montana.ch\/wp-content\/uploads\/2017\/10\/gabriel-design-facebook-icon.png\",\"contentUrl\":\"https:\/\/haus-montana.ch\/wp-content\/uploads\/2017\/10\/gabriel-design-facebook-icon.png\",\"width\":3232,\"height\":3233,\"caption\":\"GABRIEL DESIGN GmbH\"},\"image\":{\"@id\":\"https:\/\/haus-montana.ch\/fr\/#\/schema\/logo\/image\/\"},\"sameAs\":[\"https:\/\/www.facebook.com\/gabrieldesign.swiss\",\"https:\/\/x.com\/GDswiss\",\"https:\/\/www.instagram.com\/gabrieldesign.swiss\/\",\"https:\/\/www.linkedin.com\/company\/gabrieldesign\/\"]}]}<\/script>\n<!-- \/ Yoast SEO plugin. -->","yoast_head_json":{"title":"D\u00e9claration de confidentialit\u00e9 - Haus Montana","robots":{"index":"index","follow":"follow","max-snippet":"max-snippet:-1","max-image-preview":"max-image-preview:large","max-video-preview":"max-video-preview:-1"},"canonical":"https:\/\/haus-montana.ch\/fr\/declaration-de-confidentialite\/","og_locale":"fr_FR","og_type":"article","og_title":"D\u00e9claration de confidentialit\u00e9 - Haus Montana","og_description":"&nbsp; Responsable Nicole von Allmen Adresse: Nicole von Allmen, Grossweidweg 7, 3074 Muri bei Bern Haus Montana, CH-3825 M\u00fcrren Tel: 033 855 28 28 | E-Mail: info@haus-montana.chProtection de votre vie priv\u00e9e En vertu de l'article 13 de la Constitution f\u00e9d\u00e9rale suisse et des dispositions f\u00e9d\u00e9rales relatives \u00e0 la protection des donn\u00e9es (loi sur la protection des donn\u00e9es, LPD), toute personne ... Read More","og_url":"https:\/\/haus-montana.ch\/fr\/declaration-de-confidentialite\/","og_site_name":"Haus Montana","article_publisher":"https:\/\/www.facebook.com\/gabrieldesign.swiss","article_modified_time":"2023-03-06T10:32:11+00:00","og_image":[{"width":2000,"height":1333,"url":"https:\/\/haus-montana.ch\/wp-content\/uploads\/haus-montana-muerren-haus-montana-web-030.jpg","type":"image\/jpeg"}],"twitter_card":"summary_large_image","twitter_site":"@GDswiss","twitter_misc":{"Dur\u00e9e de lecture estim\u00e9e":"9 minutes"},"schema":{"@context":"https:\/\/schema.org","@graph":[{"@type":"WebPage","@id":"https:\/\/haus-montana.ch\/fr\/declaration-de-confidentialite\/","url":"https:\/\/haus-montana.ch\/fr\/declaration-de-confidentialite\/","name":"D\u00e9claration de confidentialit\u00e9 - Haus Montana","isPartOf":{"@id":"https:\/\/haus-montana.ch\/fr\/#website"},"primaryImageOfPage":{"@id":"https:\/\/haus-montana.ch\/fr\/declaration-de-confidentialite\/#primaryimage"},"image":{"@id":"https:\/\/haus-montana.ch\/fr\/declaration-de-confidentialite\/#primaryimage"},"thumbnailUrl":"https:\/\/haus-montana.ch\/wp-content\/uploads\/haus-montana-muerren-haus-montana-web-030.jpg","datePublished":"2023-02-24T14:28:56+00:00","dateModified":"2023-03-06T10:32:11+00:00","breadcrumb":{"@id":"https:\/\/haus-montana.ch\/fr\/declaration-de-confidentialite\/#breadcrumb"},"inLanguage":"fr-FR","potentialAction":[{"@type":"ReadAction","target":["https:\/\/haus-montana.ch\/fr\/declaration-de-confidentialite\/"]}]},{"@type":"ImageObject","inLanguage":"fr-FR","@id":"https:\/\/haus-montana.ch\/fr\/declaration-de-confidentialite\/#primaryimage","url":"https:\/\/haus-montana.ch\/wp-content\/uploads\/haus-montana-muerren-haus-montana-web-030.jpg","contentUrl":"https:\/\/haus-montana.ch\/wp-content\/uploads\/haus-montana-muerren-haus-montana-web-030.jpg","width":2000,"height":1333,"caption":"Fotografien vom 9. Juli 2022"},{"@type":"BreadcrumbList","@id":"https:\/\/haus-montana.ch\/fr\/declaration-de-confidentialite\/#breadcrumb","itemListElement":[{"@type":"ListItem","position":1,"name":"Home","item":"https:\/\/haus-montana.ch\/fr\/accueil\/"},{"@type":"ListItem","position":2,"name":"D\u00e9claration de confidentialit\u00e9"}]},{"@type":"WebSite","@id":"https:\/\/haus-montana.ch\/fr\/#website","url":"https:\/\/haus-montana.ch\/fr\/","name":"GABRIEL DESIGN GmbH","description":"","publisher":{"@id":"https:\/\/haus-montana.ch\/fr\/#organization"},"potentialAction":[{"@type":"SearchAction","target":{"@type":"EntryPoint","urlTemplate":"https:\/\/haus-montana.ch\/fr\/?s={search_term_string}"},"query-input":{"@type":"PropertyValueSpecification","valueRequired":true,"valueName":"search_term_string"}}],"inLanguage":"fr-FR"},{"@type":"Organization","@id":"https:\/\/haus-montana.ch\/fr\/#organization","name":"GABRIEL DESIGN GmbH","url":"https:\/\/haus-montana.ch\/fr\/","logo":{"@type":"ImageObject","inLanguage":"fr-FR","@id":"https:\/\/haus-montana.ch\/fr\/#\/schema\/logo\/image\/","url":"https:\/\/haus-montana.ch\/wp-content\/uploads\/2017\/10\/gabriel-design-facebook-icon.png","contentUrl":"https:\/\/haus-montana.ch\/wp-content\/uploads\/2017\/10\/gabriel-design-facebook-icon.png","width":3232,"height":3233,"caption":"GABRIEL DESIGN GmbH"},"image":{"@id":"https:\/\/haus-montana.ch\/fr\/#\/schema\/logo\/image\/"},"sameAs":["https:\/\/www.facebook.com\/gabrieldesign.swiss","https:\/\/x.com\/GDswiss","https:\/\/www.instagram.com\/gabrieldesign.swiss\/","https:\/\/www.linkedin.com\/company\/gabrieldesign\/"]}]}},"_links":{"self":[{"href":"https:\/\/haus-montana.ch\/fr\/wp-json\/wp\/v2\/pages\/8045","targetHints":{"allow":["GET"]}}],"collection":[{"href":"https:\/\/haus-montana.ch\/fr\/wp-json\/wp\/v2\/pages"}],"about":[{"href":"https:\/\/haus-montana.ch\/fr\/wp-json\/wp\/v2\/types\/page"}],"author":[{"embeddable":true,"href":"https:\/\/haus-montana.ch\/fr\/wp-json\/wp\/v2\/users\/20"}],"replies":[{"embeddable":true,"href":"https:\/\/haus-montana.ch\/fr\/wp-json\/wp\/v2\/comments?post=8045"}],"version-history":[{"count":23,"href":"https:\/\/haus-montana.ch\/fr\/wp-json\/wp\/v2\/pages\/8045\/revisions"}],"predecessor-version":[{"id":8183,"href":"https:\/\/haus-montana.ch\/fr\/wp-json\/wp\/v2\/pages\/8045\/revisions\/8183"}],"wp:featuredmedia":[{"embeddable":true,"href":"https:\/\/haus-montana.ch\/fr\/wp-json\/wp\/v2\/media\/7354"}],"wp:attachment":[{"href":"https:\/\/haus-montana.ch\/fr\/wp-json\/wp\/v2\/media?parent=8045"}],"curies":[{"name":"wp","href":"https:\/\/api.w.org\/{rel}","templated":true}]}}